{"id":790,"date":"2024-02-14T22:28:27","date_gmt":"2024-02-14T22:28:27","guid":{"rendered":"https:\/\/epiqr.weplayagency.com\/?page_id=790"},"modified":"2024-03-13T23:03:10","modified_gmt":"2024-03-13T23:03:10","slug":"cas-clients","status":"publish","type":"page","link":"https:\/\/www.epiqrplus.com\/en\/cas-clients\/","title":{"rendered":"Case studies"},"content":{"rendered":"<div data-elementor-type=\"wp-page\" data-elementor-id=\"790\" class=\"elementor elementor-790\">\n\t\t\t\t\t\t<section class=\"elementor-section elementor-top-section elementor-element elementor-element-72e7fcb elementor-section-boxed elementor-section-height-default elementor-section-height-default\" data-id=\"72e7fcb\" data-element_type=\"section\" data-settings=\"{&quot;background_background&quot;:&quot;gradient&quot;}\">\n\t\t\t\t\t\t<div class=\"elementor-container elementor-column-gap-default\">\n\t\t\t\t\t<div class=\"elementor-column elementor-col-100 elementor-top-column elementor-element elementor-element-a6c689e\" data-id=\"a6c689e\" data-element_type=\"column\">\n\t\t\t<div class=\"elementor-widget-wrap elementor-element-populated\">\n\t\t\t\t\t\t<div class=\"elementor-element elementor-element-e99a75a elementor-widget elementor-widget-heading\" data-id=\"e99a75a\" data-element_type=\"widget\" data-widget_type=\"heading.default\">\n\t\t\t\t<div class=\"elementor-widget-container\">\n\t\t\t\t\t<h1 class=\"elementor-heading-title elementor-size-default\">Case studies<\/h1>\t\t\t\t<\/div>\n\t\t\t\t<\/div>\n\t\t\t\t<div class=\"elementor-element elementor-element-f24206e elementor-widget elementor-widget-text-editor\" data-id=\"f24206e\" data-element_type=\"widget\" data-widget_type=\"text-editor.default\">\n\t\t\t\t<div class=\"elementor-widget-container\">\n\t\t\t\t\t\t\t\t\tThrough our case studies, explore how our solution has enabled companies in a variety of sectors to carry out accurate diagnostics, improve the energy efficiency of their buildings, effectively plan their renovation budgets, and much more. Explore our case studies to discover how EPIQR+ can meet your specific property management needs.\t\t\t\t\t\t\t\t<\/div>\n\t\t\t\t<\/div>\n\t\t\t\t\t<\/div>\n\t\t<\/div>\n\t\t\t\t\t<\/div>\n\t\t<\/section>\n\t\t\t\t<section class=\"elementor-section elementor-top-section elementor-element elementor-element-5827b89 elementor-section-boxed elementor-section-height-default elementor-section-height-default\" data-id=\"5827b89\" data-element_type=\"section\" data-settings=\"{&quot;background_background&quot;:&quot;gradient&quot;}\">\n\t\t\t\t\t\t<div class=\"elementor-container elementor-column-gap-default\">\n\t\t\t\t\t<div class=\"elementor-column elementor-col-100 elementor-top-column elementor-element elementor-element-181a3a7\" data-id=\"181a3a7\" data-element_type=\"column\">\n\t\t\t<div class=\"elementor-widget-wrap elementor-element-populated\">\n\t\t\t\t\t\t<section class=\"elementor-section elementor-inner-section elementor-element elementor-element-165022a elementor-section-boxed elementor-section-height-default elementor-section-height-default\" data-id=\"165022a\" data-element_type=\"section\">\n\t\t\t\t\t\t<div class=\"elementor-container elementor-column-gap-default\">\n\t\t\t\t\t<div class=\"elementor-column elementor-col-50 elementor-inner-column elementor-element elementor-element-3524d87\" data-id=\"3524d87\" data-element_type=\"column\" data-settings=\"{&quot;background_background&quot;:&quot;classic&quot;}\">\n\t\t\t<div class=\"elementor-widget-wrap elementor-element-populated\">\n\t\t\t\t\t\t<div class=\"elementor-element elementor-element-5e32acf elementor-widget elementor-widget-image\" data-id=\"5e32acf\" data-element_type=\"widget\" data-widget_type=\"image.default\">\n\t\t\t\t<div class=\"elementor-widget-container\">\n\t\t\t\t\t\t\t\t\t\t\t\t\t\t\t\t<a href=\"\/en\/retraites-populaires-fait-confiance-a-epiqr-depuis-2001\/\">\n\t\t\t\t\t\t\t<img decoding=\"async\" width=\"300\" height=\"132\" src=\"https:\/\/www.epiqrplus.com\/wp-content\/uploads\/2024\/03\/Retraites_Populaires_logo-300x132.png\" class=\"attachment-medium size-medium wp-image-2009\" alt=\"Retraites populaires\" srcset=\"https:\/\/www.epiqrplus.com\/wp-content\/uploads\/2024\/03\/Retraites_Populaires_logo-300x132.png 300w, https:\/\/www.epiqrplus.com\/wp-content\/uploads\/2024\/03\/Retraites_Populaires_logo-1024x450.png 1024w, https:\/\/www.epiqrplus.com\/wp-content\/uploads\/2024\/03\/Retraites_Populaires_logo-768x338.png 768w, https:\/\/www.epiqrplus.com\/wp-content\/uploads\/2024\/03\/Retraites_Populaires_logo-18x8.png 18w, https:\/\/www.epiqrplus.com\/wp-content\/uploads\/2024\/03\/Retraites_Populaires_logo.png 1280w\" sizes=\"(max-width: 300px) 100vw, 300px\" \/>\t\t\t\t\t\t\t\t<\/a>\n\t\t\t\t\t\t\t\t\t\t\t\t\t\t\t<\/div>\n\t\t\t\t<\/div>\n\t\t\t\t<div class=\"elementor-element elementor-element-397650a elementor-widget elementor-widget-heading\" data-id=\"397650a\" data-element_type=\"widget\" data-widget_type=\"heading.default\">\n\t\t\t\t<div class=\"elementor-widget-container\">\n\t\t\t\t\t<h4 class=\"elementor-heading-title elementor-size-default\"><a href=\"\/en\/retraites-populaires-fait-confiance-a-epiqr-depuis-2001\/\">Retraites Populaires has placed its trust in EPIQR+ since 2001<\/a><\/h4>\t\t\t\t<\/div>\n\t\t\t\t<\/div>\n\t\t\t\t<div class=\"elementor-element elementor-element-cb2e6f5 elementor-widget elementor-widget-text-editor\" data-id=\"cb2e6f5\" data-element_type=\"widget\" data-widget_type=\"text-editor.default\">\n\t\t\t\t<div class=\"elementor-widget-container\">\n\t\t\t\t\t\t\t\t\t<p>As part of the European InvestImmo project, in which Retraites Populaires took part, the pension fund's property department asked EPIQR R\u00e9novation and ESTIA to carry out valuations of 30 buildings in its portfolio, which are due to be renovated in the near future.<\/p>\t\t\t\t\t\t\t\t<\/div>\n\t\t\t\t<\/div>\n\t\t\t\t<div class=\"elementor-element elementor-element-a65582a elementor-tablet-align-center elementor-widget__width-initial elementor-widget elementor-widget-button\" data-id=\"a65582a\" data-element_type=\"widget\" data-widget_type=\"button.default\">\n\t\t\t\t<div class=\"elementor-widget-container\">\n\t\t\t\t\t\t\t\t\t<div class=\"elementor-button-wrapper\">\n\t\t\t\t\t<a class=\"elementor-button elementor-button-link elementor-size-sm\" href=\"\/en\/retraites-populaires-fait-confiance-a-epiqr-depuis-2001\/\">\n\t\t\t\t\t\t<span class=\"elementor-button-content-wrapper\">\n\t\t\t\t\t\t\t\t\t<span class=\"elementor-button-text\">Read the case study<\/span>\n\t\t\t\t\t<\/span>\n\t\t\t\t\t<\/a>\n\t\t\t\t<\/div>\n\t\t\t\t\t\t\t\t<\/div>\n\t\t\t\t<\/div>\n\t\t\t\t\t<\/div>\n\t\t<\/div>\n\t\t\t\t<div class=\"elementor-column elementor-col-50 elementor-inner-column elementor-element elementor-element-1340d6f\" data-id=\"1340d6f\" data-element_type=\"column\" data-settings=\"{&quot;background_background&quot;:&quot;classic&quot;}\">\n\t\t\t<div class=\"elementor-widget-wrap elementor-element-populated\">\n\t\t\t\t\t\t<div class=\"elementor-element elementor-element-19856b5 elementor-widget elementor-widget-image\" data-id=\"19856b5\" data-element_type=\"widget\" data-widget_type=\"image.default\">\n\t\t\t\t<div class=\"elementor-widget-container\">\n\t\t\t\t\t\t\t\t\t\t\t\t\t\t\t\t<a href=\"\/en\/cas-client-epiqr-au-service-des-experts-cecb\/\">\n\t\t\t\t\t\t\t<img decoding=\"async\" width=\"300\" height=\"148\" src=\"https:\/\/www.epiqrplus.com\/wp-content\/uploads\/2024\/03\/CECB-logo-300x148.png\" class=\"attachment-medium size-medium wp-image-2050\" alt=\"CECB logo\" srcset=\"https:\/\/www.epiqrplus.com\/wp-content\/uploads\/2024\/03\/CECB-logo-300x148.png 300w, https:\/\/www.epiqrplus.com\/wp-content\/uploads\/2024\/03\/CECB-logo-1024x504.png 1024w, https:\/\/www.epiqrplus.com\/wp-content\/uploads\/2024\/03\/CECB-logo-768x378.png 768w, https:\/\/www.epiqrplus.com\/wp-content\/uploads\/2024\/03\/CECB-logo-1536x756.png 1536w, https:\/\/www.epiqrplus.com\/wp-content\/uploads\/2024\/03\/CECB-logo-2048x1008.png 2048w, https:\/\/www.epiqrplus.com\/wp-content\/uploads\/2024\/03\/CECB-logo-18x9.png 18w\" sizes=\"(max-width: 300px) 100vw, 300px\" \/>\t\t\t\t\t\t\t\t<\/a>\n\t\t\t\t\t\t\t\t\t\t\t\t\t\t\t<\/div>\n\t\t\t\t<\/div>\n\t\t\t\t<div class=\"elementor-element elementor-element-ef320dc elementor-widget elementor-widget-heading\" data-id=\"ef320dc\" data-element_type=\"widget\" data-widget_type=\"heading.default\">\n\t\t\t\t<div class=\"elementor-widget-container\">\n\t\t\t\t\t<h4 class=\"elementor-heading-title elementor-size-default\"><a href=\"\/en\/cas-client-epiqr-au-service-des-experts-cecb\/\">EPIQR+ at the service of CECB+ experts<\/a><\/h4>\t\t\t\t<\/div>\n\t\t\t\t<\/div>\n\t\t\t\t<div class=\"elementor-element elementor-element-c67b306 elementor-widget elementor-widget-text-editor\" data-id=\"c67b306\" data-element_type=\"widget\" data-widget_type=\"text-editor.default\">\n\t\t\t\t<div class=\"elementor-widget-container\">\n\t\t\t\t\t\t\t\t\t<p>Based on the information contained in a CECB+ report, the EPIQR+ tool provides an estimate of the overall cost of all the work required to meet the homeowner's needs. In addition to the estimate for the work, EPIQR+ is now capable, thanks to EPIQR CO2, of calculating the CO2 footprint of the planned work. This enables the expert to compare and optimise scenarios to meet both the homeowner's budget and the CO2 budget recommended by CO2 legislation.<\/p>\t\t\t\t\t\t\t\t<\/div>\n\t\t\t\t<\/div>\n\t\t\t\t<div class=\"elementor-element elementor-element-13cad87 elementor-tablet-align-center elementor-widget__width-initial elementor-widget elementor-widget-button\" data-id=\"13cad87\" data-element_type=\"widget\" data-widget_type=\"button.default\">\n\t\t\t\t<div class=\"elementor-widget-container\">\n\t\t\t\t\t\t\t\t\t<div class=\"elementor-button-wrapper\">\n\t\t\t\t\t<a class=\"elementor-button elementor-button-link elementor-size-sm\" href=\"\/en\/cas-client-epiqr-au-service-des-experts-cecb\/\">\n\t\t\t\t\t\t<span class=\"elementor-button-content-wrapper\">\n\t\t\t\t\t\t\t\t\t<span class=\"elementor-button-text\">Read the case study<\/span>\n\t\t\t\t\t<\/span>\n\t\t\t\t\t<\/a>\n\t\t\t\t<\/div>\n\t\t\t\t\t\t\t\t<\/div>\n\t\t\t\t<\/div>\n\t\t\t\t\t<\/div>\n\t\t<\/div>\n\t\t\t\t\t<\/div>\n\t\t<\/section>\n\t\t\t\t\t<\/div>\n\t\t<\/div>\n\t\t\t\t\t<\/div>\n\t\t<\/section>\n\t\t\t\t<\/div>","protected":false},"excerpt":{"rendered":"<p>Case studies Explore our case studies to find out how our solution has helped companies in various sectors [...].<\/p>","protected":false},"author":2,"featured_media":0,"parent":0,"menu_order":0,"comment_status":"closed","ping_status":"closed","template":"","meta":{"site-sidebar-layout":"no-sidebar","site-content-layout":"page-builder","ast-site-content-layout":"full-width-container","site-content-style":"unboxed","site-sidebar-style":"unboxed","ast-global-header-display":"","ast-banner-title-visibility":"","ast-main-header-display":"","ast-hfb-above-header-display":"","ast-hfb-below-header-display":"","ast-hfb-mobile-header-display":"","site-post-title":"disabled","ast-breadcrumbs-content":"","ast-featured-img":"disabled","footer-sml-layout":"","theme-transparent-header-meta":"","adv-header-id-meta":"","stick-header-meta":"","header-above-stick-meta":"","header-main-stick-meta":"","header-below-stick-meta":"","astra-migrate-meta-layouts":"set","ast-page-background-enabled":"default","ast-page-background-meta":{"desktop":{"background-color":"var(--ast-global-color-4)","background-image":"","background-repeat":"repeat","background-position":"center center","background-size":"auto","background-attachment":"scroll","background-type":"","background-media":"","overlay-type":"","overlay-color":"","overlay-gradient":""},"tablet":{"background-color":"","background-image":"","background-repeat":"repeat","background-position":"center center","background-size":"auto","background-attachment":"scroll","background-type":"","background-media":"","overlay-type":"","overlay-color":"","overlay-gradient":""},"mobile":{"background-color":"","background-image":"","background-repeat":"repeat","background-position":"center center","background-size":"auto","background-attachment":"scroll","background-type":"","background-media":"","overlay-type":"","overlay-color":"","overlay-gradient":""}},"ast-content-background-meta":{"desktop":{"background-color":"var(--ast-global-color-5)","background-image":"","background-repeat":"repeat","background-position":"center center","background-size":"auto","background-attachment":"scroll","background-type":"","background-media":"","overlay-type":"","overlay-color":"","overlay-gradient":""},"tablet":{"background-color":"var(--ast-global-color-5)","background-image":"","background-repeat":"repeat","background-position":"center center","background-size":"auto","background-attachment":"scroll","background-type":"","background-media":"","overlay-type":"","overlay-color":"","overlay-gradient":""},"mobile":{"background-color":"var(--ast-global-color-5)","background-image":"","background-repeat":"repeat","background-position":"center center","background-size":"auto","background-attachment":"scroll","background-type":"","background-media":"","overlay-type":"","overlay-color":"","overlay-gradient":""}},"footnotes":""},"class_list":["post-790","page","type-page","status-publish","hentry"],"yoast_head":"<!-- This site is optimized with the Yoast SEO plugin v24.7 - https:\/\/yoast.com\/wordpress\/plugins\/seo\/ -->\n<title>Cas clients - EPIQR+<\/title>\n<meta name=\"robots\" content=\"index, follow, max-snippet:-1, max-image-preview:large, max-video-preview:-1\" \/>\n<link rel=\"canonical\" href=\"https:\/\/www.epiqrplus.com\/en\/cas-clients\/\" \/>\n<meta property=\"og:locale\" content=\"en_GB\" \/>\n<meta property=\"og:type\" content=\"article\" \/>\n<meta property=\"og:title\" content=\"Cas clients - EPIQR+\" \/>\n<meta property=\"og:description\" content=\"Cas clients \u00c0 travers nos \u00e9tudes de cas, explorez comment notre solution a permis \u00e0 des entreprises de divers secteurs [&hellip;]\" \/>\n<meta property=\"og:url\" content=\"https:\/\/www.epiqrplus.com\/en\/cas-clients\/\" \/>\n<meta property=\"og:site_name\" content=\"EPIQR+\" \/>\n<meta property=\"article:modified_time\" content=\"2024-03-13T23:03:10+00:00\" \/>\n<meta property=\"og:image\" content=\"https:\/\/epiqr.weplayagency.com\/wp-content\/uploads\/2024\/03\/Retraites_Populaires_logo-300x132.png\" \/>\n<meta name=\"twitter:card\" content=\"summary_large_image\" \/>\n<meta name=\"twitter:label1\" content=\"Estimated reading time\" \/>\n\t<meta name=\"twitter:data1\" content=\"2 minutes\" \/>\n<script type=\"application\/ld+json\" class=\"yoast-schema-graph\">{\"@context\":\"https:\/\/schema.org\",\"@graph\":[{\"@type\":\"WebPage\",\"@id\":\"https:\/\/www.epiqrplus.com\/cas-clients\/\",\"url\":\"https:\/\/www.epiqrplus.com\/cas-clients\/\",\"name\":\"Cas clients - EPIQR+\",\"isPartOf\":{\"@id\":\"https:\/\/www.epiqrplus.com\/#website\"},\"primaryImageOfPage\":{\"@id\":\"https:\/\/www.epiqrplus.com\/cas-clients\/#primaryimage\"},\"image\":{\"@id\":\"https:\/\/www.epiqrplus.com\/cas-clients\/#primaryimage\"},\"thumbnailUrl\":\"https:\/\/epiqr.weplayagency.com\/wp-content\/uploads\/2024\/03\/Retraites_Populaires_logo-300x132.png\",\"datePublished\":\"2024-02-14T22:28:27+00:00\",\"dateModified\":\"2024-03-13T23:03:10+00:00\",\"inLanguage\":\"en-GB\",\"potentialAction\":[{\"@type\":\"ReadAction\",\"target\":[\"https:\/\/www.epiqrplus.com\/cas-clients\/\"]}]},{\"@type\":\"ImageObject\",\"inLanguage\":\"en-GB\",\"@id\":\"https:\/\/www.epiqrplus.com\/cas-clients\/#primaryimage\",\"url\":\"https:\/\/epiqr.weplayagency.com\/wp-content\/uploads\/2024\/03\/Retraites_Populaires_logo-300x132.png\",\"contentUrl\":\"https:\/\/epiqr.weplayagency.com\/wp-content\/uploads\/2024\/03\/Retraites_Populaires_logo-300x132.png\"},{\"@type\":\"WebSite\",\"@id\":\"https:\/\/www.epiqrplus.com\/#website\",\"url\":\"https:\/\/www.epiqrplus.com\/\",\"name\":\"EPIQR+\",\"description\":\"Application de diagnostic du b\u00e2timent\",\"publisher\":{\"@id\":\"https:\/\/www.epiqrplus.com\/#organization\"},\"potentialAction\":[{\"@type\":\"SearchAction\",\"target\":{\"@type\":\"EntryPoint\",\"urlTemplate\":\"https:\/\/www.epiqrplus.com\/?s={search_term_string}\"},\"query-input\":{\"@type\":\"PropertyValueSpecification\",\"valueRequired\":true,\"valueName\":\"search_term_string\"}}],\"inLanguage\":\"en-GB\"},{\"@type\":\"Organization\",\"@id\":\"https:\/\/www.epiqrplus.com\/#organization\",\"name\":\"EPIQR+\",\"url\":\"https:\/\/www.epiqrplus.com\/\",\"logo\":{\"@type\":\"ImageObject\",\"inLanguage\":\"en-GB\",\"@id\":\"https:\/\/www.epiqrplus.com\/#\/schema\/logo\/image\/\",\"url\":\"https:\/\/www.epiqrplus.com\/wp-content\/uploads\/2024\/03\/cropped-Logo_EPIQR-1.png\",\"contentUrl\":\"https:\/\/www.epiqrplus.com\/wp-content\/uploads\/2024\/03\/cropped-Logo_EPIQR-1.png\",\"width\":430,\"height\":185,\"caption\":\"EPIQR+\"},\"image\":{\"@id\":\"https:\/\/www.epiqrplus.com\/#\/schema\/logo\/image\/\"}}]}<\/script>\n<!-- \/ Yoast SEO plugin. -->","yoast_head_json":{"title":"Cas clients - EPIQR+","robots":{"index":"index","follow":"follow","max-snippet":"max-snippet:-1","max-image-preview":"max-image-preview:large","max-video-preview":"max-video-preview:-1"},"canonical":"https:\/\/www.epiqrplus.com\/en\/cas-clients\/","og_locale":"en_GB","og_type":"article","og_title":"Cas clients - EPIQR+","og_description":"Cas clients \u00c0 travers nos \u00e9tudes de cas, explorez comment notre solution a permis \u00e0 des entreprises de divers secteurs [&hellip;]","og_url":"https:\/\/www.epiqrplus.com\/en\/cas-clients\/","og_site_name":"EPIQR+","article_modified_time":"2024-03-13T23:03:10+00:00","og_image":[{"url":"https:\/\/epiqr.weplayagency.com\/wp-content\/uploads\/2024\/03\/Retraites_Populaires_logo-300x132.png","type":"","width":"","height":""}],"twitter_card":"summary_large_image","twitter_misc":{"Estimated reading time":"2 minutes"},"schema":{"@context":"https:\/\/schema.org","@graph":[{"@type":"WebPage","@id":"https:\/\/www.epiqrplus.com\/cas-clients\/","url":"https:\/\/www.epiqrplus.com\/cas-clients\/","name":"Cas clients - EPIQR+","isPartOf":{"@id":"https:\/\/www.epiqrplus.com\/#website"},"primaryImageOfPage":{"@id":"https:\/\/www.epiqrplus.com\/cas-clients\/#primaryimage"},"image":{"@id":"https:\/\/www.epiqrplus.com\/cas-clients\/#primaryimage"},"thumbnailUrl":"https:\/\/epiqr.weplayagency.com\/wp-content\/uploads\/2024\/03\/Retraites_Populaires_logo-300x132.png","datePublished":"2024-02-14T22:28:27+00:00","dateModified":"2024-03-13T23:03:10+00:00","inLanguage":"en-GB","potentialAction":[{"@type":"ReadAction","target":["https:\/\/www.epiqrplus.com\/cas-clients\/"]}]},{"@type":"ImageObject","inLanguage":"en-GB","@id":"https:\/\/www.epiqrplus.com\/cas-clients\/#primaryimage","url":"https:\/\/epiqr.weplayagency.com\/wp-content\/uploads\/2024\/03\/Retraites_Populaires_logo-300x132.png","contentUrl":"https:\/\/epiqr.weplayagency.com\/wp-content\/uploads\/2024\/03\/Retraites_Populaires_logo-300x132.png"},{"@type":"WebSite","@id":"https:\/\/www.epiqrplus.com\/#website","url":"https:\/\/www.epiqrplus.com\/","name":"EPIQR+","description":"Application de diagnostic du b\u00e2timent","publisher":{"@id":"https:\/\/www.epiqrplus.com\/#organization"},"potentialAction":[{"@type":"SearchAction","target":{"@type":"EntryPoint","urlTemplate":"https:\/\/www.epiqrplus.com\/?s={search_term_string}"},"query-input":{"@type":"PropertyValueSpecification","valueRequired":true,"valueName":"search_term_string"}}],"inLanguage":"en-GB"},{"@type":"Organization","@id":"https:\/\/www.epiqrplus.com\/#organization","name":"EPIQR+","url":"https:\/\/www.epiqrplus.com\/","logo":{"@type":"ImageObject","inLanguage":"en-GB","@id":"https:\/\/www.epiqrplus.com\/#\/schema\/logo\/image\/","url":"https:\/\/www.epiqrplus.com\/wp-content\/uploads\/2024\/03\/cropped-Logo_EPIQR-1.png","contentUrl":"https:\/\/www.epiqrplus.com\/wp-content\/uploads\/2024\/03\/cropped-Logo_EPIQR-1.png","width":430,"height":185,"caption":"EPIQR+"},"image":{"@id":"https:\/\/www.epiqrplus.com\/#\/schema\/logo\/image\/"}}]}},"_links":{"self":[{"href":"https:\/\/www.epiqrplus.com\/en\/wp-json\/wp\/v2\/pages\/790","targetHints":{"allow":["GET"]}}],"collection":[{"href":"https:\/\/www.epiqrplus.com\/en\/wp-json\/wp\/v2\/pages"}],"about":[{"href":"https:\/\/www.epiqrplus.com\/en\/wp-json\/wp\/v2\/types\/page"}],"author":[{"embeddable":true,"href":"https:\/\/www.epiqrplus.com\/en\/wp-json\/wp\/v2\/users\/2"}],"replies":[{"embeddable":true,"href":"https:\/\/www.epiqrplus.com\/en\/wp-json\/wp\/v2\/comments?post=790"}],"version-history":[{"count":20,"href":"https:\/\/www.epiqrplus.com\/en\/wp-json\/wp\/v2\/pages\/790\/revisions"}],"predecessor-version":[{"id":3043,"href":"https:\/\/www.epiqrplus.com\/en\/wp-json\/wp\/v2\/pages\/790\/revisions\/3043"}],"wp:attachment":[{"href":"https:\/\/www.epiqrplus.com\/en\/wp-json\/wp\/v2\/media?parent=790"}],"curies":[{"name":"wp","href":"https:\/\/api.w.org\/{rel}","templated":true}]}}