{"id":4605,"date":"2026-03-30T08:48:37","date_gmt":"2026-03-30T08:48:37","guid":{"rendered":"https:\/\/www.epiqrplus.com\/?page_id=4605"},"modified":"2026-05-01T08:24:13","modified_gmt":"2026-05-01T08:24:13","slug":"evenements-3","status":"publish","type":"page","link":"https:\/\/www.epiqrplus.com\/en\/evenements-3\/","title":{"rendered":"Events"},"content":{"rendered":"<div data-elementor-type=\"wp-page\" data-elementor-id=\"4605\" class=\"elementor elementor-4605\">\n\t\t\t\t\t\t<section class=\"elementor-section elementor-top-section elementor-element elementor-element-6h282c1 elementor-section-boxed elementor-section-height-default elementor-section-height-default\" data-id=\"6h282c1\" data-element_type=\"section\" data-settings=\"{&quot;background_background&quot;:&quot;classic&quot;}\">\n\t\t\t\t\t\t<div class=\"elementor-container elementor-column-gap-no\">\n\t\t\t\t\t<div class=\"elementor-column elementor-col-100 elementor-top-column elementor-element elementor-element-6e2c022\" data-id=\"6e2c022\" data-element_type=\"column\">\n\t\t\t<div class=\"elementor-widget-wrap elementor-element-populated\">\n\t\t\t\t\t\t<div class=\"elementor-element elementor-element-e334cce elementor-widget elementor-widget-heading\" data-id=\"e334cce\" data-element_type=\"widget\" data-widget_type=\"heading.default\">\n\t\t\t\t<div class=\"elementor-widget-container\">\n\t\t\t\t\t<h2 class=\"elementor-heading-title elementor-size-default\">Events<\/h2>\t\t\t\t<\/div>\n\t\t\t\t<\/div>\n\t\t\t\t<section class=\"elementor-section elementor-inner-section elementor-element elementor-element-8c4a890 elementor-section-content-middle elementor-section-boxed elementor-section-height-default elementor-section-height-default\" data-id=\"8c4a890\" data-element_type=\"section\">\n\t\t\t\t\t\t<div class=\"elementor-container elementor-column-gap-no\">\n\t\t\t\t\t<div class=\"elementor-column elementor-col-66 elementor-inner-column elementor-element elementor-element-8949384\" data-id=\"8949384\" data-element_type=\"column\">\n\t\t\t<div class=\"elementor-widget-wrap elementor-element-populated\">\n\t\t\t\t\t\t<div class=\"elementor-element elementor-element-7505b32 elementor-widget elementor-widget-image\" data-id=\"7505b32\" data-element_type=\"widget\" data-widget_type=\"image.default\">\n\t\t\t\t<div class=\"elementor-widget-container\">\n\t\t\t\t\t\t\t\t\t\t\t\t\t\t\t<img fetchpriority=\"high\" decoding=\"async\" width=\"725\" height=\"1024\" src=\"https:\/\/www.epiqrplus.com\/wp-content\/uploads\/2026\/04\/affiche-seminaire-v4-725x1024.png\" class=\"attachment-large size-large wp-image-4719\" alt=\"\" srcset=\"https:\/\/www.epiqrplus.com\/wp-content\/uploads\/2026\/04\/affiche-seminaire-v4-725x1024.png 725w, https:\/\/www.epiqrplus.com\/wp-content\/uploads\/2026\/04\/affiche-seminaire-v4-212x300.png 212w, https:\/\/www.epiqrplus.com\/wp-content\/uploads\/2026\/04\/affiche-seminaire-v4-768x1085.png 768w, https:\/\/www.epiqrplus.com\/wp-content\/uploads\/2026\/04\/affiche-seminaire-v4-1087x1536.png 1087w, https:\/\/www.epiqrplus.com\/wp-content\/uploads\/2026\/04\/affiche-seminaire-v4-8x12.png 8w, https:\/\/www.epiqrplus.com\/wp-content\/uploads\/2026\/04\/affiche-seminaire-v4.png 1241w\" sizes=\"(max-width: 725px) 100vw, 725px\" \/>\t\t\t\t\t\t\t\t\t\t\t\t\t\t\t<\/div>\n\t\t\t\t<\/div>\n\t\t\t\t\t<\/div>\n\t\t<\/div>\n\t\t\t\t<div class=\"elementor-column elementor-col-33 elementor-inner-column elementor-element elementor-element-c5152aa\" data-id=\"c5152aa\" data-element_type=\"column\" data-settings=\"{&quot;background_background&quot;:&quot;classic&quot;}\">\n\t\t\t<div class=\"elementor-widget-wrap elementor-element-populated\">\n\t\t\t\t\t\t<div class=\"elementor-element elementor-element-5fc1c3d elementor-widget elementor-widget-heading\" data-id=\"5fc1c3d\" data-element_type=\"widget\" data-widget_type=\"heading.default\">\n\t\t\t\t<div class=\"elementor-widget-container\">\n\t\t\t\t\t<h3 class=\"elementor-heading-title elementor-size-default\">Seminar<\/h3>\t\t\t\t<\/div>\n\t\t\t\t<\/div>\n\t\t\t\t<div class=\"elementor-element elementor-element-d7fe868 elementor-widget__width-inherit elementor-widget-divider--view-line elementor-widget elementor-widget-divider\" data-id=\"d7fe868\" data-element_type=\"widget\" data-widget_type=\"divider.default\">\n\t\t\t\t<div class=\"elementor-widget-container\">\n\t\t\t\t\t\t\t<div class=\"elementor-divider\">\n\t\t\t<span class=\"elementor-divider-separator\">\n\t\t\t\t\t\t<\/span>\n\t\t<\/div>\n\t\t\t\t\t\t<\/div>\n\t\t\t\t<\/div>\n\t\t\t\t<div class=\"elementor-element elementor-element-b818bc8 elementor-widget__width-initial elementor-widget elementor-widget-text-editor\" data-id=\"b818bc8\" data-element_type=\"widget\" data-widget_type=\"text-editor.default\">\n\t\t\t\t<div class=\"elementor-widget-container\">\n\t\t\t\t\t\t\t\t\t<p style=\"text-align: left;\"><b>Tuesday 19 May from 15:00 to 18:00<\/b><\/p><h4><span style=\"color: #a51945;\"><b>The new circularity professions in the construction industry\u00a0<\/b><\/span><\/h4><p style=\"caret-color: #000000; color: #000000; font-family: Helvetica; font-size: 12px; font-style: normal; font-weight: 400; text-decoration-thickness: auto; text-decoration-style: solid; margin: 0cm; font-size-adjust: none; font-kerning: auto; font-variant-alternates: normal; font-variant-numeric: normal; font-variant-east-asian: normal; font-variant-position: normal; font-feature-settings: normal; font-optical-sizing: auto; font-variation-settings: normal;\"><em><span style=\"font-family: georgia, palatino, serif;\"><span style=\"font-size: 13.5pt;\">When research, architectural design and construction meet<\/span><\/span><\/em><\/p><p>Date: 19 May<\/p><p>Location: Copet 3, Vevey<\/p><p>Organisation: Retraites Populaires \/ Partners in the European CRedIBLE project<\/p><p><b>Limited places<\/b>\u00a0<\/p><p>Registration required using the form below<\/p>\t\t\t\t\t\t\t\t<\/div>\n\t\t\t\t<\/div>\n\t\t\t\t\t<\/div>\n\t\t<\/div>\n\t\t\t\t\t<\/div>\n\t\t<\/section>\n\t\t\t\t\t<\/div>\n\t\t<\/div>\n\t\t\t\t\t<\/div>\n\t\t<\/section>\n\t\t<div class=\"elementor-element elementor-element-04e12ed e-flex e-con-boxed e-con e-parent\" data-id=\"04e12ed\" data-element_type=\"container\">\n\t\t\t\t\t<div class=\"e-con-inner\">\n\t\t\t\t<div class=\"elementor-element elementor-element-02f0541 elementor-widget elementor-widget-text-editor\" data-id=\"02f0541\" data-element_type=\"widget\" data-widget_type=\"text-editor.default\">\n\t\t\t\t<div class=\"elementor-widget-container\">\n\t\t\t\t\t\t\t\t\t<p>\u00a0<\/p><p style=\"font-weight: 400;\">Circularity in construction today goes well beyond intentions: it takes shape in <strong>concrete choices<\/strong>and\u00a0<strong>emerging practices<\/strong>\u00a0and\u00a0<strong>changing professions<\/strong>at the interface between research, architectural design and construction.<\/p><p style=\"font-weight: 400;\">This seminar brings together players who are already experimenting with these new ways of doing things, through real projects, operational tools and measured feedback. It will be held at the heart of this approach, in a building in the\u00a0<strong>Retraites Populaires<\/strong> in Vevey, which will be deconstructed and partially <strong>reused in situ<\/strong> in the construction of a new building.<\/p><p style=\"font-weight: 400;\">Located in an area of Vevey that has become a\u00a0<strong>an open-air laboratory<\/strong>\u00a0new concepts in reuse, as part of the European research project\u00a0<strong>H2020 CRediBle<\/strong>This site is a concrete embodiment of the issues at stake: how to bring together research, design and construction to move from good intentions to a new reality.<\/p><p style=\"font-weight: 400;\">\u00a0<\/p>\t\t\t\t\t\t\t\t<\/div>\n\t\t\t\t<\/div>\n\t\t<div class=\"elementor-element elementor-element-c0b45fa e-con-full e-flex e-con e-child\" data-id=\"c0b45fa\" data-element_type=\"container\">\n\t\t\t\t<div class=\"elementor-element elementor-element-ebe03cf elementor-widget elementor-widget-text-editor\" data-id=\"ebe03cf\" data-element_type=\"widget\" data-widget_type=\"text-editor.default\">\n\t\t\t\t<div class=\"elementor-widget-container\">\n\t\t\t\t\t\t\t\t\t<h6>3pm-5pm: seminar<\/h6><p><strong><span style=\"text-decoration: underline;\"><span style=\"font-size: 12pt;\">Background and introduction:<\/span><\/span><\/strong><\/p><p><span style=\"font-family: Aptos, sans-serif; font-size: 12pt;\">From research to the field: adapting our practices<\/span> (EPIQR Renovation: Edouard Philippe)<br \/>Practical experiments in the Moulins district . (Retraites Populaires: Jessica Loiseau)<\/p><p><strong><span style=\"text-decoration: underline;\"><span style=\"font-size: 12pt;\">Presentations:<\/span><\/span><\/strong><\/p><ul style=\"font-weight: 400;\"><li>Supervising and encouraging the development of circular economy practices. (City of Vevey: Antoine Dormond)<\/li><li style=\"font-weight: 400;\">Anticipating the supply of materials and managing their end-of-life on a regional scale. (DGE-GEODES: Pascal Blunier)<\/li><li>Compose-re-compose, learning to build with what's already there, EPFL architecture studio results (EPFL: Blanca Gardelegui)<\/li><li>Levers of circularity in low-carbon construction and renovation (Estia: Charlotte Jianoux)<\/li><li style=\"font-weight: 400;\">Reuse as a new business niche for Swiss SMEs. From pioneering projects to the industrialisation of re-use. (Wider SA: Th\u00e9o Martin)<\/li><li>Prefabrication for low-carbon solutions (Prelco: J\u00e9r\u00e9my Bras)<\/li><\/ul><p><strong>5pm-6pm: Round table<\/strong> hosted by Sylvain Braine (CCDC)<\/p><p><strong>6pm: Aperitif<\/strong><\/p>\t\t\t\t\t\t\t\t<\/div>\n\t\t\t\t<\/div>\n\t\t\t\t<\/div>\n\t\t<div class=\"elementor-element elementor-element-e392a77 e-con-full e-flex e-con e-child\" data-id=\"e392a77\" data-element_type=\"container\">\n\t\t\t\t<div class=\"elementor-element elementor-element-75ee771 elementor-widget elementor-widget-html\" data-id=\"75ee771\" data-element_type=\"widget\" data-widget_type=\"html.default\">\n\t\t\t\t<div class=\"elementor-widget-container\">\n\t\t\t\t\t<form method=\"post\" action=\"https:\/\/newsletter.infomaniak.com\/v3\/api\/1\/newsletters\/webforms\/23710\/submit\"\n  class=\"inf-form\"><input type=\"email\" name=\"email\" style=\"display:none\" \/><input type=\"hidden\" name=\"key\"\n    value=\"eyJpdiI6ImhNVXFlK2lxUmF5bVh3UGRYYUk1ZGVpXC8zaDNvM0pLYVlWbG9qRnYwRjV3PSIsIm1hYyI6IjFiZGRkOTA0ZjhjMmI0MjM0YTQxNWViNWIzM2ZlNzc4ZjFiYjJlMWY3MGNhMDE4NmQ5YjU4NDhhMTA0MWY0YmMiLCJ2YWx1ZSI6Im5hM1wvUTNodnBDY2p0bEplNDZkVXNENlF6Ym5EQjQxcitpMHdiOE9PTVM4PSJ9\"><input\n    type=\"hidden\" name=\"webform_id\" value=\"23710\">\n  <style>\n    .inf-main_07db8d8b0ac1f36c817ca394f9c44744 {\n      background-color: #FFFFFF;\n      padding: 25px 20px;\n      margin: 0px 25% 0px 25%;\n      padding: 30px 30px 30px 30px;\n      border-radius: 20px 20px 20px 20px;\n      box-shadow: 0px 0px 10px 0px rgba(0, 0, 0, 0.5);\n    }\n\n    .inf-main_07db8d8b0ac1f36c817ca394f9c44744 .inf-content {\n      margin-top: 13px;\n    }\n\n    .inf-main_07db8d8b0ac1f36c817ca394f9c44744 h4,\n    .inf-main_07db8d8b0ac1f36c817ca394f9c44744 span,\n    .inf-main_07db8d8b0ac1f36c817ca394f9c44744 label,\n    .inf-main_07db8d8b0ac1f36c817ca394f9c44744 input,\n    .inf-main_07db8d8b0ac1f36c817ca394f9c44744 .inf-submit,\n    .inf-main_07db8d8b0ac1f36c817ca394f9c44744 .inf-success p a {\n      color: #555555;\n      font-size: 14px;\n    }\n\n    .inf-main_07db8d8b0ac1f36c817ca394f9c44744 h4 {\n      font-size: 18px;\n      margin: 0px 0px 13px 0px;\n    }\n\n    .inf-main_07db8d8b0ac1f36c817ca394f9c44744 h4,\n    .inf-main_07db8d8b0ac1f36c817ca394f9c44744 label {\n      font-weight: 700;\n      font-family: 'Manrope', sans-serif;\n      font-size: 1rem;\n    }\n\n    .inf-main_07db8d8b0ac1f36c817ca394f9c44744 .inf-input {\n      margin-bottom: 7px;\n    }\n\n    .inf-main_07db8d8b0ac1f36c817ca394f9c44744 label {\n      display: block;\n    }\n\n    .inf-main_07db8d8b0ac1f36c817ca394f9c44744 input {\n      height: 35px;\n      color: #999999;\n      border: 1px solid #E9E9E9;\n      padding-left: 7px;\n    }\n\n    .inf-main_07db8d8b0ac1f36c817ca394f9c44744 .inf-input.inf-error label,\n    .inf-main_07db8d8b0ac1f36c817ca394f9c44744 .inf-input.inf-error span.inf-message {\n      color: #cc0033;\n    }\n\n    .inf-main_07db8d8b0ac1f36c817ca394f9c44744 .inf-input.inf-error input {\n      border: 1px solid #cc0033;\n    }\n\n    .inf-main_07db8d8b0ac1f36c817ca394f9c44744 .inf-input input {\n      width: 100%;\n    }\n\n    .inf-main_07db8d8b0ac1f36c817ca394f9c44744 .inf-input.inf-error span.inf-message {\n      display: block;\n    }\n\n    .inf-main_07db8d8b0ac1f36c817ca394f9c44744 .inf-submit {\n      text-align: right;\n    }\n\n    .inf-main_07db8d8b0ac1f36c817ca394f9c44744 .inf-submit input {\n      background-color: #7BACA8;\n      color: #555;\n      border: none;\n      font-weight: normal;\n      height: auto;\n      padding: 7px;\n    }\n\n    .inf-main_07db8d8b0ac1f36c817ca394f9c44744 .inf-submit input.disabled {\n      opacity: 0.4;\n    }\n\n    .inf-btn {\n      color: rgb(85, 85, 85);\n      border: medium none;\n      font-weight: normal;\n      height: auto;\n      padding: 7px;\n      display: inline-block;\n      background-color: white;\n      box-shadow: 0px 1px 1px rgba(0, 0, 0, 0.24);\n      border-radius: 2px;\n      line-height: 1em;\n    }\n\n    .inf-rgpd {\n      margin: 25px 0px 15px 0px;\n      color: #555555;\n    }\n\n    .altcha-label span {\n      color: #555\n    }\n  <\/style>\n  <div class=\"inf-main_07db8d8b0ac1f36c817ca394f9c44744\">\n    <span><\/span>\n    <div class=\"inf-success\" style=\"display:none\">\n      <h4>Registration validated. A confirmation email has been sent to you. Check your mailbox.<\/h4>\n      <p> <a href=\"#\" class=\"inf-btn\">\"<\/a> <\/p>\n    <\/div>\n    <div class=\"inf-content\">\n      <div class=\"inf-input inf-input-text\">\n        <div style=\"display: flex\"> <label>Family name<\/label>\n          <div style=\"color:red;\"> *<\/div>\n        <\/div> <input type=\"text\" name=\"inf[62813]\" data-inf-meta=\"62813\" data-inf-error=\"\" required=\"required\">\n      <\/div>\n      <div class=\"inf-input inf-input-text\">\n        <div style=\"display: flex\"> <label>First name<\/label>\n          <div style=\"color:red;\"> *<\/div>\n        <\/div> <input type=\"text\" name=\"inf[62814]\" data-inf-meta=\"62814\" data-inf-error=\"\" required=\"required\">\n      <\/div>\n      <div class=\"inf-input inf-input-text\">\n        <div style=\"display: flex\"> <label>Email<\/label>\n          <div style=\"color:red;\"> *<\/div>\n        <\/div> <input type=\"email\" name=\"inf[1]\" data-inf-meta=\"1\" data-inf-error=\"\" required=\"required\">\n      <\/div>\n      <div class=\"inf-input inf-input-text\">\n        <div style=\"display: flex\"> <label>Company<\/label>\n          <div style=\"color:red;\"> *<\/div>\n        <\/div> <input type=\"text\" name=\"inf[55327]\" data-inf-meta=\"55327\" data-inf-error=\"\" required=\"required\">\n      <\/div>\n      <div class=\"inf-input inf-input-text\">\n        <div style=\"display: flex\"> <label>Message<\/label>\n          <div style=\"color:red;\"> *<\/div>\n        <\/div> <input type=\"text\" name=\"inf[66258]\" data-inf-meta=\"66258\" data-inf-error=\"\" required=\"required\">\n      <\/div>\n      <div class=\"inf-rgpd\">Your e-mail address is only used to send you our newsletter and information about our\n        and information about our activities. You may at any time use the unsubscribe link\n        unsubscribe link included in each of our emails.<\/div>\n      <script src=\"https:\/\/eu.altcha.org\/js\/latest\/altcha.min.js\" type=\"module\" defer><\/script> <altcha-widget hidelogo\n hidefooter floating challengeurl=\"https:\/\/newsletter.infomaniak.com\/v3\/altcha-challenge\"><\/altcha-widget>\n      <script src=\"https:\/\/newsletter.storage5.infomaniak.com\/mcaptcha\/altcha.js\" defer> <\/script>\n      <script type=\"text\/javascript\"\n        src=\"https:\/\/newsletter.infomaniak.com\/v3\/static\/webform_index.js?v=1774625956\"><\/script>\n      <div class=\"inf-submit\"> <input type=\"submit\" style=\"margin-top: 25px; border-style: solid; border-top-width: 0; border-right-width: 0; border-left-width: 0; border-bottom-width: 0; color: var(--ast-global-color-5); border-color: #2f375f; background-color: #2f375f; padding-top: 17px; padding-right: 35px; padding-bottom: 17px; padding-left: 35px; font-family: 'Manrope',sans-serif; font-weight: 700; font-size: 18px; font-size: 1.2rem; line-height: 1em; border-top-left-radius: 60px; border-top-right-radius: 60px; border-bottom-right-radius: 60px; border-bottom-left-radius: 60px;\"\n         name=\"\" value=\"Confirm\"> <\/div>\n    <\/div>\n  <\/div>\n<\/form>\t\t\t\t<\/div>\n\t\t\t\t<\/div>\n\t\t\t\t<\/div>\n\t\t\t\t\t<\/div>\n\t\t\t\t<\/div>\n\t\t\t\t<\/div>","protected":false},"excerpt":{"rendered":"<p>Events Seminar Tuesday 19 May from 15:00 to 18:00 The new circularity professions in construction When research, [...]<\/p>","protected":false},"author":5,"featured_media":0,"parent":0,"menu_order":0,"comment_status":"closed","ping_status":"closed","template":"","meta":{"site-sidebar-layout":"no-sidebar","site-content-layout":"page-builder","ast-site-content-layout":"full-width-container","site-content-style":"unboxed","site-sidebar-style":"unboxed","ast-global-header-display":"","ast-banner-title-visibility":"","ast-main-header-display":"","ast-hfb-above-header-display":"","ast-hfb-below-header-display":"","ast-hfb-mobile-header-display":"","site-post-title":"disabled","ast-breadcrumbs-content":"","ast-featured-img":"disabled","footer-sml-layout":"","theme-transparent-header-meta":"","adv-header-id-meta":"","stick-header-meta":"","header-above-stick-meta":"","header-main-stick-meta":"","header-below-stick-meta":"","astra-migrate-meta-layouts":"set","ast-page-background-enabled":"default","ast-page-background-meta":{"desktop":{"background-color":"var(--ast-global-color-4)","background-image":"","background-repeat":"repeat","background-position":"center center","background-size":"auto","background-attachment":"scroll","background-type":"","background-media":"","overlay-type":"","overlay-color":"","overlay-gradient":""},"tablet":{"background-color":"","background-image":"","background-repeat":"repeat","background-position":"center center","background-size":"auto","background-attachment":"scroll","background-type":"","background-media":"","overlay-type":"","overlay-color":"","overlay-gradient":""},"mobile":{"background-color":"","background-image":"","background-repeat":"repeat","background-position":"center center","background-size":"auto","background-attachment":"scroll","background-type":"","background-media":"","overlay-type":"","overlay-color":"","overlay-gradient":""}},"ast-content-background-meta":{"desktop":{"background-color":"var(--ast-global-color-5)","background-image":"","background-repeat":"repeat","background-position":"center center","background-size":"auto","background-attachment":"scroll","background-type":"","background-media":"","overlay-type":"","overlay-color":"","overlay-gradient":""},"tablet":{"background-color":"var(--ast-global-color-5)","background-image":"","background-repeat":"repeat","background-position":"center center","background-size":"auto","background-attachment":"scroll","background-type":"","background-media":"","overlay-type":"","overlay-color":"","overlay-gradient":""},"mobile":{"background-color":"var(--ast-global-color-5)","background-image":"","background-repeat":"repeat","background-position":"center center","background-size":"auto","background-attachment":"scroll","background-type":"","background-media":"","overlay-type":"","overlay-color":"","overlay-gradient":""}},"footnotes":""},"class_list":["post-4605","page","type-page","status-publish","hentry"],"yoast_head":"<!-- This site is optimized with the Yoast SEO plugin v24.7 - https:\/\/yoast.com\/wordpress\/plugins\/seo\/ -->\n<title>Ev\u00e8nements - EPIQR+<\/title>\n<meta name=\"robots\" content=\"index, follow, max-snippet:-1, max-image-preview:large, max-video-preview:-1\" \/>\n<link rel=\"canonical\" href=\"https:\/\/www.epiqrplus.com\/en\/evenements-3\/\" \/>\n<meta property=\"og:locale\" content=\"en_GB\" \/>\n<meta property=\"og:type\" content=\"article\" \/>\n<meta property=\"og:title\" content=\"Ev\u00e8nements - EPIQR+\" \/>\n<meta property=\"og:description\" content=\"\u00c9v\u00e9nements S\u00e9minaire Mardi 19 mai de 15:00 \u00e0 18:00 Les nouveaux m\u00e9tiers de la circularit\u00e9 dans la construction\u00a0 Quand recherche, [&hellip;]\" \/>\n<meta property=\"og:url\" content=\"https:\/\/www.epiqrplus.com\/en\/evenements-3\/\" \/>\n<meta property=\"og:site_name\" content=\"EPIQR+\" \/>\n<meta property=\"article:modified_time\" content=\"2026-05-01T08:24:13+00:00\" \/>\n<meta property=\"og:image\" content=\"https:\/\/www.epiqrplus.com\/wp-content\/uploads\/2026\/04\/affiche-seminaire-v4-725x1024.png\" \/>\n\t<meta property=\"og:image:width\" content=\"725\" \/>\n\t<meta property=\"og:image:height\" content=\"1024\" \/>\n\t<meta property=\"og:image:type\" content=\"image\/png\" \/>\n<meta name=\"twitter:card\" content=\"summary_large_image\" \/>\n<meta name=\"twitter:label1\" content=\"Estimated reading time\" \/>\n\t<meta name=\"twitter:data1\" content=\"3 minutes\" \/>\n<script type=\"application\/ld+json\" class=\"yoast-schema-graph\">{\"@context\":\"https:\/\/schema.org\",\"@graph\":[{\"@type\":\"WebPage\",\"@id\":\"https:\/\/www.epiqrplus.com\/evenements-3\/\",\"url\":\"https:\/\/www.epiqrplus.com\/evenements-3\/\",\"name\":\"Ev\u00e8nements - EPIQR+\",\"isPartOf\":{\"@id\":\"https:\/\/www.epiqrplus.com\/#website\"},\"primaryImageOfPage\":{\"@id\":\"https:\/\/www.epiqrplus.com\/evenements-3\/#primaryimage\"},\"image\":{\"@id\":\"https:\/\/www.epiqrplus.com\/evenements-3\/#primaryimage\"},\"thumbnailUrl\":\"https:\/\/www.epiqrplus.com\/wp-content\/uploads\/2026\/04\/affiche-seminaire-v4-725x1024.png\",\"datePublished\":\"2026-03-30T08:48:37+00:00\",\"dateModified\":\"2026-05-01T08:24:13+00:00\",\"inLanguage\":\"en-GB\",\"potentialAction\":[{\"@type\":\"ReadAction\",\"target\":[\"https:\/\/www.epiqrplus.com\/evenements-3\/\"]}]},{\"@type\":\"ImageObject\",\"inLanguage\":\"en-GB\",\"@id\":\"https:\/\/www.epiqrplus.com\/evenements-3\/#primaryimage\",\"url\":\"https:\/\/www.epiqrplus.com\/wp-content\/uploads\/2026\/04\/affiche-seminaire-v4-725x1024.png\",\"contentUrl\":\"https:\/\/www.epiqrplus.com\/wp-content\/uploads\/2026\/04\/affiche-seminaire-v4-725x1024.png\"},{\"@type\":\"WebSite\",\"@id\":\"https:\/\/www.epiqrplus.com\/#website\",\"url\":\"https:\/\/www.epiqrplus.com\/\",\"name\":\"EPIQR+\",\"description\":\"Application de diagnostic du b\u00e2timent\",\"publisher\":{\"@id\":\"https:\/\/www.epiqrplus.com\/#organization\"},\"potentialAction\":[{\"@type\":\"SearchAction\",\"target\":{\"@type\":\"EntryPoint\",\"urlTemplate\":\"https:\/\/www.epiqrplus.com\/?s={search_term_string}\"},\"query-input\":{\"@type\":\"PropertyValueSpecification\",\"valueRequired\":true,\"valueName\":\"search_term_string\"}}],\"inLanguage\":\"en-GB\"},{\"@type\":\"Organization\",\"@id\":\"https:\/\/www.epiqrplus.com\/#organization\",\"name\":\"EPIQR+\",\"url\":\"https:\/\/www.epiqrplus.com\/\",\"logo\":{\"@type\":\"ImageObject\",\"inLanguage\":\"en-GB\",\"@id\":\"https:\/\/www.epiqrplus.com\/#\/schema\/logo\/image\/\",\"url\":\"https:\/\/www.epiqrplus.com\/wp-content\/uploads\/2024\/03\/cropped-Logo_EPIQR-1.png\",\"contentUrl\":\"https:\/\/www.epiqrplus.com\/wp-content\/uploads\/2024\/03\/cropped-Logo_EPIQR-1.png\",\"width\":430,\"height\":185,\"caption\":\"EPIQR+\"},\"image\":{\"@id\":\"https:\/\/www.epiqrplus.com\/#\/schema\/logo\/image\/\"}}]}<\/script>\n<!-- \/ Yoast SEO plugin. -->","yoast_head_json":{"title":"Ev\u00e8nements - EPIQR+","robots":{"index":"index","follow":"follow","max-snippet":"max-snippet:-1","max-image-preview":"max-image-preview:large","max-video-preview":"max-video-preview:-1"},"canonical":"https:\/\/www.epiqrplus.com\/en\/evenements-3\/","og_locale":"en_GB","og_type":"article","og_title":"Ev\u00e8nements - EPIQR+","og_description":"\u00c9v\u00e9nements S\u00e9minaire Mardi 19 mai de 15:00 \u00e0 18:00 Les nouveaux m\u00e9tiers de la circularit\u00e9 dans la construction\u00a0 Quand recherche, [&hellip;]","og_url":"https:\/\/www.epiqrplus.com\/en\/evenements-3\/","og_site_name":"EPIQR+","article_modified_time":"2026-05-01T08:24:13+00:00","og_image":[{"width":725,"height":1024,"url":"https:\/\/www.epiqrplus.com\/wp-content\/uploads\/2026\/04\/affiche-seminaire-v4-725x1024.png","type":"image\/png"}],"twitter_card":"summary_large_image","twitter_misc":{"Estimated reading time":"3 minutes"},"schema":{"@context":"https:\/\/schema.org","@graph":[{"@type":"WebPage","@id":"https:\/\/www.epiqrplus.com\/evenements-3\/","url":"https:\/\/www.epiqrplus.com\/evenements-3\/","name":"Ev\u00e8nements - EPIQR+","isPartOf":{"@id":"https:\/\/www.epiqrplus.com\/#website"},"primaryImageOfPage":{"@id":"https:\/\/www.epiqrplus.com\/evenements-3\/#primaryimage"},"image":{"@id":"https:\/\/www.epiqrplus.com\/evenements-3\/#primaryimage"},"thumbnailUrl":"https:\/\/www.epiqrplus.com\/wp-content\/uploads\/2026\/04\/affiche-seminaire-v4-725x1024.png","datePublished":"2026-03-30T08:48:37+00:00","dateModified":"2026-05-01T08:24:13+00:00","inLanguage":"en-GB","potentialAction":[{"@type":"ReadAction","target":["https:\/\/www.epiqrplus.com\/evenements-3\/"]}]},{"@type":"ImageObject","inLanguage":"en-GB","@id":"https:\/\/www.epiqrplus.com\/evenements-3\/#primaryimage","url":"https:\/\/www.epiqrplus.com\/wp-content\/uploads\/2026\/04\/affiche-seminaire-v4-725x1024.png","contentUrl":"https:\/\/www.epiqrplus.com\/wp-content\/uploads\/2026\/04\/affiche-seminaire-v4-725x1024.png"},{"@type":"WebSite","@id":"https:\/\/www.epiqrplus.com\/#website","url":"https:\/\/www.epiqrplus.com\/","name":"EPIQR+","description":"Application de diagnostic du b\u00e2timent","publisher":{"@id":"https:\/\/www.epiqrplus.com\/#organization"},"potentialAction":[{"@type":"SearchAction","target":{"@type":"EntryPoint","urlTemplate":"https:\/\/www.epiqrplus.com\/?s={search_term_string}"},"query-input":{"@type":"PropertyValueSpecification","valueRequired":true,"valueName":"search_term_string"}}],"inLanguage":"en-GB"},{"@type":"Organization","@id":"https:\/\/www.epiqrplus.com\/#organization","name":"EPIQR+","url":"https:\/\/www.epiqrplus.com\/","logo":{"@type":"ImageObject","inLanguage":"en-GB","@id":"https:\/\/www.epiqrplus.com\/#\/schema\/logo\/image\/","url":"https:\/\/www.epiqrplus.com\/wp-content\/uploads\/2024\/03\/cropped-Logo_EPIQR-1.png","contentUrl":"https:\/\/www.epiqrplus.com\/wp-content\/uploads\/2024\/03\/cropped-Logo_EPIQR-1.png","width":430,"height":185,"caption":"EPIQR+"},"image":{"@id":"https:\/\/www.epiqrplus.com\/#\/schema\/logo\/image\/"}}]}},"_links":{"self":[{"href":"https:\/\/www.epiqrplus.com\/en\/wp-json\/wp\/v2\/pages\/4605","targetHints":{"allow":["GET"]}}],"collection":[{"href":"https:\/\/www.epiqrplus.com\/en\/wp-json\/wp\/v2\/pages"}],"about":[{"href":"https:\/\/www.epiqrplus.com\/en\/wp-json\/wp\/v2\/types\/page"}],"author":[{"embeddable":true,"href":"https:\/\/www.epiqrplus.com\/en\/wp-json\/wp\/v2\/users\/5"}],"replies":[{"embeddable":true,"href":"https:\/\/www.epiqrplus.com\/en\/wp-json\/wp\/v2\/comments?post=4605"}],"version-history":[{"count":66,"href":"https:\/\/www.epiqrplus.com\/en\/wp-json\/wp\/v2\/pages\/4605\/revisions"}],"predecessor-version":[{"id":4729,"href":"https:\/\/www.epiqrplus.com\/en\/wp-json\/wp\/v2\/pages\/4605\/revisions\/4729"}],"wp:attachment":[{"href":"https:\/\/www.epiqrplus.com\/en\/wp-json\/wp\/v2\/media?parent=4605"}],"curies":[{"name":"wp","href":"https:\/\/api.w.org\/{rel}","templated":true}]}}