{"id":3946,"date":"2025-04-16T09:24:56","date_gmt":"2025-04-16T09:24:56","guid":{"rendered":"https:\/\/www.epiqrplus.com\/?page_id=3946"},"modified":"2025-09-17T13:48:50","modified_gmt":"2025-09-17T13:48:50","slug":"webinaires","status":"publish","type":"page","link":"https:\/\/www.epiqrplus.com\/en\/webinaires-old\/webinaires\/","title":{"rendered":"Webinars"},"content":{"rendered":"<div data-elementor-type=\"wp-page\" data-elementor-id=\"3946\" class=\"elementor elementor-3946\">\n\t\t\t\t\t\t<section class=\"elementor-section elementor-top-section elementor-element elementor-element-6h282c1 elementor-section-boxed elementor-section-height-default elementor-section-height-default\" data-id=\"6h282c1\" data-element_type=\"section\" data-settings=\"{&quot;background_background&quot;:&quot;classic&quot;}\">\n\t\t\t\t\t\t<div class=\"elementor-container elementor-column-gap-no\">\n\t\t\t\t\t<div class=\"elementor-column elementor-col-100 elementor-top-column elementor-element elementor-element-01b78b3\" data-id=\"01b78b3\" data-element_type=\"column\">\n\t\t\t<div class=\"elementor-widget-wrap elementor-element-populated\">\n\t\t\t\t\t\t<section class=\"elementor-section elementor-inner-section elementor-element elementor-element-a421628 elementor-section-content-middle elementor-section-boxed elementor-section-height-default elementor-section-height-default\" data-id=\"a421628\" data-element_type=\"section\">\n\t\t\t\t\t\t<div class=\"elementor-container elementor-column-gap-no\">\n\t\t\t\t\t<div class=\"elementor-column elementor-col-66 elementor-inner-column elementor-element elementor-element-8a9c345\" data-id=\"8a9c345\" data-element_type=\"column\">\n\t\t\t<div class=\"elementor-widget-wrap elementor-element-populated\">\n\t\t\t\t\t\t<div class=\"elementor-element elementor-element-21934a1 elementor-widget elementor-widget-image\" data-id=\"21934a1\" data-element_type=\"widget\" data-widget_type=\"image.default\">\n\t\t\t\t<div class=\"elementor-widget-container\">\n\t\t\t\t\t\t\t\t\t\t\t\t\t\t\t<img fetchpriority=\"high\" decoding=\"async\" width=\"496\" height=\"749\" src=\"https:\/\/www.epiqrplus.com\/wp-content\/uploads\/2025\/04\/Capture-decran-2025-04-16-a-10.07.06.png\" class=\"attachment-large size-large wp-image-4017\" alt=\"\" srcset=\"https:\/\/www.epiqrplus.com\/wp-content\/uploads\/2025\/04\/Capture-decran-2025-04-16-a-10.07.06.png 496w, https:\/\/www.epiqrplus.com\/wp-content\/uploads\/2025\/04\/Capture-decran-2025-04-16-a-10.07.06-199x300.png 199w, https:\/\/www.epiqrplus.com\/wp-content\/uploads\/2025\/04\/Capture-decran-2025-04-16-a-10.07.06-8x12.png 8w\" sizes=\"(max-width: 496px) 100vw, 496px\" \/>\t\t\t\t\t\t\t\t\t\t\t\t\t\t\t<\/div>\n\t\t\t\t<\/div>\n\t\t\t\t\t<\/div>\n\t\t<\/div>\n\t\t\t\t<div class=\"elementor-column elementor-col-33 elementor-inner-column elementor-element elementor-element-4075b5d\" data-id=\"4075b5d\" data-element_type=\"column\" data-settings=\"{&quot;background_background&quot;:&quot;classic&quot;}\">\n\t\t\t<div class=\"elementor-widget-wrap elementor-element-populated\">\n\t\t\t\t\t\t<div class=\"elementor-element elementor-element-0681e6c elementor-widget elementor-widget-heading\" data-id=\"0681e6c\" data-element_type=\"widget\" data-widget_type=\"heading.default\">\n\t\t\t\t<div class=\"elementor-widget-container\">\n\t\t\t\t\t<h3 class=\"elementor-heading-title elementor-size-default\">Webinar<\/h3>\t\t\t\t<\/div>\n\t\t\t\t<\/div>\n\t\t\t\t<div class=\"elementor-element elementor-element-9185a3a elementor-widget-divider--view-line elementor-widget elementor-widget-divider\" data-id=\"9185a3a\" data-element_type=\"widget\" data-widget_type=\"divider.default\">\n\t\t\t\t<div class=\"elementor-widget-container\">\n\t\t\t\t\t\t\t<div class=\"elementor-divider\">\n\t\t\t<span class=\"elementor-divider-separator\">\n\t\t\t\t\t\t<\/span>\n\t\t<\/div>\n\t\t\t\t\t\t<\/div>\n\t\t\t\t<\/div>\n\t\t\t\t<div class=\"elementor-element elementor-element-139eb10 elementor-widget__width-initial elementor-widget elementor-widget-text-editor\" data-id=\"139eb10\" data-element_type=\"widget\" data-widget_type=\"text-editor.default\">\n\t\t\t\t<div class=\"elementor-widget-container\">\n\t\t\t\t\t\t\t\t\t<p><b>Thursday 05 June 2025 from 11:30 to 12:30<\/b><\/p><h4><span style=\"color: #a51945;\"><b>Research results from the SFOE CoolingVent project<\/b><\/span><\/h4><p>Presented by Dr Flourentzos Flourentzou, Estia SA<\/p>\t\t\t\t\t\t\t\t<\/div>\n\t\t\t\t<\/div>\n\t\t\t\t\t<\/div>\n\t\t<\/div>\n\t\t\t\t\t<\/div>\n\t\t<\/section>\n\t\t\t\t\t<\/div>\n\t\t<\/div>\n\t\t\t\t\t<\/div>\n\t\t<\/section>\n\t\t<div class=\"elementor-element elementor-element-1104ad1 e-flex e-con-boxed e-con e-parent\" data-id=\"1104ad1\" data-element_type=\"container\">\n\t\t\t\t\t<div class=\"e-con-inner\">\n\t\t<div class=\"elementor-element elementor-element-b9b97ae e-con-full e-flex e-con e-child\" data-id=\"b9b97ae\" data-element_type=\"container\">\n\t\t\t\t<div class=\"elementor-element elementor-element-d6e7387 elementor-widget elementor-widget-text-editor\" data-id=\"d6e7387\" data-element_type=\"widget\" data-widget_type=\"text-editor.default\">\n\t\t\t\t<div class=\"elementor-widget-container\">\n\t\t\t\t\t\t\t\t\t<h4><span style=\"color: #a51945;\"><b>Research results from the SFOE CoolingVent project<\/b><\/span><\/h4><ul><li>What will the summer of 2060 be like in Switzerland?<\/li><li>How widespread are heat islands, and what impact do they have on buildings and public spaces?<\/li><li>Will the buildings have to be air-conditioned?<\/li><li>If we decide not to use air conditioning, what are the alternative options and how effective are they?<\/li><\/ul><p><strong style=\"font-style: inherit;\">The webinar presentation is <span style=\"color: #993300;\"><a style=\"color: #993300;\" href=\"https:\/\/www.epiqrplus.com\/wp-content\/uploads\/2025\/06\/Flourentzou_Resilience.pdf\">available here<\/a><\/span><\/strong><\/p><p><strong>The webinar video is <span style=\"color: #993300;\"><a style=\"color: #993300;\" href=\"https:\/\/youtu.be\/d0jQp2bvmC0\">available here<\/a><\/span><\/strong><\/p>\t\t\t\t\t\t\t\t<\/div>\n\t\t\t\t<\/div>\n\t\t\t\t<\/div>\n\t\t<div class=\"elementor-element elementor-element-0f5f5b4 e-con-full e-flex e-con e-child\" data-id=\"0f5f5b4\" data-element_type=\"container\">\n\t\t\t\t<div class=\"elementor-element elementor-element-da41ef4 elementor-widget elementor-widget-html\" data-id=\"da41ef4\" data-element_type=\"widget\" data-widget_type=\"html.default\">\n\t\t\t\t<div class=\"elementor-widget-container\">\n\t\t\t\t\t<form method=\"post\" action=\"https:\/\/newsletter.infomaniak.com\/v3\/api\/1\/newsletters\/webforms\/20468\/submit\" class=\"inf-form\"><input type=\"email\" name=\"email\" style=\"display:none\" \/><input type=\"hidden\" name=\"key\" value=\"eyJpdiI6ImwwXC9uT3dMWm50dlwvOFlmWWh5dENjYU80cWdZUFdpWFJTaVd2QjRuRElORT0iLCJtYWMiOiI2ZWI3NWQ2ZjJiZTU4ZTA1ZDRmM2VkODMwMmMyZWE5Y2QzZTY5MjE2Mjc3ZjNhNWE5MzEyYmFjNWUxZWJhZDU1IiwidmFsdWUiOiJIM2dmQjBPUlliVnZjc1FYZ0FQYzlRN1BGVkM3MExac01HQXd5cWpGdmFNPSJ9\"><input type=\"hidden\" name=\"webform_id\" value=\"20468\"><style> .inf-main_d24ca82b65728d3135a636c10b367fa2{ background-color:#E0E4F1; padding:25px 20px; margin:25px auto; } .inf-main_d24ca82b65728d3135a636c10b367fa2 .inf-content { margin-top:13px;} .inf-main_d24ca82b65728d3135a636c10b367fa2 h4, .inf-main_d24ca82b65728d3135a636c10b367fa2 span, .inf-main_d24ca82b65728d3135a636c10b367fa2 label, .inf-main_d24ca82b65728d3135a636c10b367fa2 input, .inf-main_d24ca82b65728d3135a636c10b367fa2 .inf-submit, .inf-main_d24ca82b65728d3135a636c10b367fa2 .inf-success p a { color:#555555; font-size:14px; } .inf-main_d24ca82b65728d3135a636c10b367fa2 h4{ font-size:18px; margin:0px 0px 13px 0px; } .inf-main_d24ca82b65728d3135a636c10b367fa2 h4, .inf-main_d24ca82b65728d3135a636c10b367fa2 label{ font-weight:bold; } .inf-main_d24ca82b65728d3135a636c10b367fa2 .inf-input { margin-bottom:7px; } .inf-main_d24ca82b65728d3135a636c10b367fa2 label { display:block;} .inf-main_d24ca82b65728d3135a636c10b367fa2 input{ height:35px; color:#999999; border: 1px solid #E9E9E9; border:none; padding-left:7px; } .inf-main_d24ca82b65728d3135a636c10b367fa2 .inf-input.inf-error label, .inf-main_d24ca82b65728d3135a636c10b367fa2 .inf-input.inf-error span.inf-message{ color: #cc0033; } .inf-main_d24ca82b65728d3135a636c10b367fa2 .inf-input.inf-error input{ border: 1px solid #cc0033; } .inf-main_d24ca82b65728d3135a636c10b367fa2 .inf-input input { width:100%;} .inf-main_d24ca82b65728d3135a636c10b367fa2 .inf-input.inf-error span.inf-message { display: block; } .inf-main_d24ca82b65728d3135a636c10b367fa2 .inf-submit { text-align:right;} .inf-main_d24ca82b65728d3135a636c10b367fa2 .inf-submit input{ background-color:#777777; color:#ffffff; border:none; font-weight: normal; height:auto; padding:7px; } .inf-main_d24ca82b65728d3135a636c10b367fa2 .inf-submit input.disabled{ opacity: 0.4; } .inf-btn { color: rgb(85, 85, 85); border: medium none; font-weight: normal; height: auto; padding: 7px; display: inline-block; background-color: white; box-shadow: 0px 1px 1px rgba(0, 0, 0, 0.24); border-radius: 2px; line-height: 1em; } .inf-rgpd { margin:25px 0px 15px 0px; color:#555555; } <\/style><div class=\"inf-main_d24ca82b65728d3135a636c10b367fa2\"> <span><\/span> <div class=\"inf-success\" style=\"display:none\"> <h4>Your registration has been successfully registered!<\/h4> <p> <a href=\"#\" class=\"inf-btn\">\"<\/a> <\/p> <\/div> <div class=\"inf-content\"> <div class=\"inf-input inf-input-text\"> <div style=\"display: flex\"> <label>Family name<\/label> <div style=\"color:red;\"> *<\/div> <\/div> <input type=\"text\" name=\"inf[62813]\" data-inf-meta=\"62813\" data-inf-error=\"\" required=\"required\" > <\/div> <div class=\"inf-input inf-input-text\"> <div style=\"display: flex\"> <label>First name<\/label> <div style=\"color:red;\"> *<\/div> <\/div> <input type=\"text\" name=\"inf[62814]\" data-inf-meta=\"62814\" data-inf-error=\"\" required=\"required\" > <\/div> <div class=\"inf-input inf-input-text\"> <div style=\"display: flex\"> <label>Company<\/label> <div style=\"color:red;\"> *<\/div> <\/div> <input type=\"text\" name=\"inf[55327]\" data-inf-meta=\"55327\" data-inf-error=\"\" required=\"required\" > <\/div> <div class=\"inf-input inf-input-text\"> <div style=\"display: flex\"> <label>Email<\/label> <div style=\"color:red;\"> *<\/div> <\/div> <input type=\"email\" name=\"inf[1]\" data-inf-meta=\"1\" data-inf-error=\"\" required=\"required\" > <\/div> <div class=\"inf-input inf-input-text\"> <div style=\"display: flex\"> <label>Message<\/label> <\/div> <input type=\"text\" name=\"inf[66258]\" data-inf-meta=\"66258\" data-inf-error=\"\" > <\/div> <div class=\"inf-rgpd\">Your e-mail address is only used to send you our newsletter and information about our activities. You can unsubscribe at any time using the unsubscribe link included in each of our emails.<\/div> <div style=\"\"> <label data-mcaptcha_url=\"https:\/\/captcha.infomaniak.com\/widget\/?sitekey=wKJaAigS1e48fWgqtjvg5w7rKA6QIwmy\" for=\"mcaptcha__token\" id=\"mcaptcha__token-label\"> <input type=\"text\" name=\"mcaptcha__token\" id=\"mcaptcha__token\" \/> <\/label> <div id=\"mcaptcha__widget-container\"><\/div> <script src=\"https:\/\/unpkg.com\/@mcaptcha\/vanilla-glue@0.1.0-rc2\/dist\/index.js\"><\/script> <\/div> <div class=\"inf-submit\"> <input type=\"submit\" style=\"margin-top: 25px; border-style: solid; border-top-width: 0; border-right-width: 0; border-left-width: 0; border-bottom-width: 0; color: var(--ast-global-color-5); border-color: #2f375f; background-color: #2f375f; padding-top: 17px; padding-right: 35px; padding-bottom: 17px; padding-left: 35px; font-family: 'Manrope',sans-serif; font-weight: 700; font-size: 18px; font-size: 1.2rem; line-height: 1em; border-top-left-radius: 60px; border-top-right-radius: 60px; border-bottom-right-radius: 60px; border-bottom-left-radius: 60px;\" name=\"\" value=\"Confirm\"> <\/div> <\/div> <\/div> <\/form>\t\t\t\t<\/div>\n\t\t\t\t<\/div>\n\t\t\t\t<\/div>\n\t\t\t\t\t<\/div>\n\t\t\t\t<\/div>\n\t\t\t\t<\/div>","protected":false},"excerpt":{"rendered":"<p>Webinar Thursday 05 June 2025 from 11:30 to 12:30 Research results from the SFOE CoolingVent project Presented by Dr Flourentzos [...]<\/p>","protected":false},"author":5,"featured_media":0,"parent":3227,"menu_order":0,"comment_status":"closed","ping_status":"closed","template":"","meta":{"site-sidebar-layout":"no-sidebar","site-content-layout":"page-builder","ast-site-content-layout":"full-width-container","site-content-style":"unboxed","site-sidebar-style":"unboxed","ast-global-header-display":"","ast-banner-title-visibility":"","ast-main-header-display":"","ast-hfb-above-header-display":"","ast-hfb-below-header-display":"","ast-hfb-mobile-header-display":"","site-post-title":"disabled","ast-breadcrumbs-content":"","ast-featured-img":"disabled","footer-sml-layout":"","theme-transparent-header-meta":"","adv-header-id-meta":"","stick-header-meta":"","header-above-stick-meta":"","header-main-stick-meta":"","header-below-stick-meta":"","astra-migrate-meta-layouts":"set","ast-page-background-enabled":"default","ast-page-background-meta":{"desktop":{"background-color":"var(--ast-global-color-4)","background-image":"","background-repeat":"repeat","background-position":"center center","background-size":"auto","background-attachment":"scroll","background-type":"","background-media":"","overlay-type":"","overlay-color":"","overlay-gradient":""},"tablet":{"background-color":"","background-image":"","background-repeat":"repeat","background-position":"center center","background-size":"auto","background-attachment":"scroll","background-type":"","background-media":"","overlay-type":"","overlay-color":"","overlay-gradient":""},"mobile":{"background-color":"","background-image":"","background-repeat":"repeat","background-position":"center center","background-size":"auto","background-attachment":"scroll","background-type":"","background-media":"","overlay-type":"","overlay-color":"","overlay-gradient":""}},"ast-content-background-meta":{"desktop":{"background-color":"var(--ast-global-color-5)","background-image":"","background-repeat":"repeat","background-position":"center center","background-size":"auto","background-attachment":"scroll","background-type":"","background-media":"","overlay-type":"","overlay-color":"","overlay-gradient":""},"tablet":{"background-color":"var(--ast-global-color-5)","background-image":"","background-repeat":"repeat","background-position":"center center","background-size":"auto","background-attachment":"scroll","background-type":"","background-media":"","overlay-type":"","overlay-color":"","overlay-gradient":""},"mobile":{"background-color":"var(--ast-global-color-5)","background-image":"","background-repeat":"repeat","background-position":"center center","background-size":"auto","background-attachment":"scroll","background-type":"","background-media":"","overlay-type":"","overlay-color":"","overlay-gradient":""}},"footnotes":""},"class_list":["post-3946","page","type-page","status-publish","hentry"],"yoast_head":"<!-- This site is optimized with the Yoast SEO plugin v24.7 - https:\/\/yoast.com\/wordpress\/plugins\/seo\/ -->\n<title>Webinaires - EPIQR+<\/title>\n<meta name=\"robots\" content=\"index, follow, max-snippet:-1, max-image-preview:large, max-video-preview:-1\" \/>\n<link rel=\"canonical\" href=\"https:\/\/www.epiqrplus.com\/en\/webinaires-old\/webinaires\/\" \/>\n<meta property=\"og:locale\" content=\"en_GB\" \/>\n<meta property=\"og:type\" content=\"article\" \/>\n<meta property=\"og:title\" content=\"Webinaires - EPIQR+\" \/>\n<meta property=\"og:description\" content=\"Webinaire Jeudi 05 juin 2025 de 11:30 \u00e0 12:30 R\u00e9sultats de recherche du projet OFEN CoolingVent Pr\u00e9sent\u00e9 par Dr Flourentzos [&hellip;]\" \/>\n<meta property=\"og:url\" content=\"https:\/\/www.epiqrplus.com\/en\/webinaires-old\/webinaires\/\" \/>\n<meta property=\"og:site_name\" content=\"EPIQR+\" \/>\n<meta property=\"article:modified_time\" content=\"2025-09-17T13:48:50+00:00\" \/>\n<meta property=\"og:image\" content=\"https:\/\/www.epiqrplus.com\/wp-content\/uploads\/2025\/04\/Capture-decran-2025-04-16-a-10.07.06.png\" \/>\n\t<meta property=\"og:image:width\" content=\"496\" \/>\n\t<meta property=\"og:image:height\" content=\"749\" \/>\n\t<meta property=\"og:image:type\" content=\"image\/png\" \/>\n<meta name=\"twitter:card\" content=\"summary_large_image\" \/>\n<meta name=\"twitter:label1\" content=\"Estimated reading time\" \/>\n\t<meta name=\"twitter:data1\" content=\"1 minute\" \/>\n<script type=\"application\/ld+json\" class=\"yoast-schema-graph\">{\"@context\":\"https:\/\/schema.org\",\"@graph\":[{\"@type\":\"WebPage\",\"@id\":\"https:\/\/www.epiqrplus.com\/webinaires-old\/webinaires\/\",\"url\":\"https:\/\/www.epiqrplus.com\/webinaires-old\/webinaires\/\",\"name\":\"Webinaires - EPIQR+\",\"isPartOf\":{\"@id\":\"https:\/\/www.epiqrplus.com\/#website\"},\"primaryImageOfPage\":{\"@id\":\"https:\/\/www.epiqrplus.com\/webinaires-old\/webinaires\/#primaryimage\"},\"image\":{\"@id\":\"https:\/\/www.epiqrplus.com\/webinaires-old\/webinaires\/#primaryimage\"},\"thumbnailUrl\":\"https:\/\/www.epiqrplus.com\/wp-content\/uploads\/2025\/04\/Capture-decran-2025-04-16-a-10.07.06.png\",\"datePublished\":\"2025-04-16T09:24:56+00:00\",\"dateModified\":\"2025-09-17T13:48:50+00:00\",\"breadcrumb\":{\"@id\":\"https:\/\/www.epiqrplus.com\/webinaires-old\/webinaires\/#breadcrumb\"},\"inLanguage\":\"en-GB\",\"potentialAction\":[{\"@type\":\"ReadAction\",\"target\":[\"https:\/\/www.epiqrplus.com\/webinaires-old\/webinaires\/\"]}]},{\"@type\":\"ImageObject\",\"inLanguage\":\"en-GB\",\"@id\":\"https:\/\/www.epiqrplus.com\/webinaires-old\/webinaires\/#primaryimage\",\"url\":\"https:\/\/www.epiqrplus.com\/wp-content\/uploads\/2025\/04\/Capture-decran-2025-04-16-a-10.07.06.png\",\"contentUrl\":\"https:\/\/www.epiqrplus.com\/wp-content\/uploads\/2025\/04\/Capture-decran-2025-04-16-a-10.07.06.png\"},{\"@type\":\"BreadcrumbList\",\"@id\":\"https:\/\/www.epiqrplus.com\/webinaires-old\/webinaires\/#breadcrumb\",\"itemListElement\":[{\"@type\":\"ListItem\",\"position\":1,\"name\":\"Webinaires Old\",\"item\":\"https:\/\/www.epiqrplus.com\/webinaires-old\/\"},{\"@type\":\"ListItem\",\"position\":2,\"name\":\"Webinaires\"}]},{\"@type\":\"WebSite\",\"@id\":\"https:\/\/www.epiqrplus.com\/#website\",\"url\":\"https:\/\/www.epiqrplus.com\/\",\"name\":\"EPIQR+\",\"description\":\"Application de diagnostic du b\u00e2timent\",\"publisher\":{\"@id\":\"https:\/\/www.epiqrplus.com\/#organization\"},\"potentialAction\":[{\"@type\":\"SearchAction\",\"target\":{\"@type\":\"EntryPoint\",\"urlTemplate\":\"https:\/\/www.epiqrplus.com\/?s={search_term_string}\"},\"query-input\":{\"@type\":\"PropertyValueSpecification\",\"valueRequired\":true,\"valueName\":\"search_term_string\"}}],\"inLanguage\":\"en-GB\"},{\"@type\":\"Organization\",\"@id\":\"https:\/\/www.epiqrplus.com\/#organization\",\"name\":\"EPIQR+\",\"url\":\"https:\/\/www.epiqrplus.com\/\",\"logo\":{\"@type\":\"ImageObject\",\"inLanguage\":\"en-GB\",\"@id\":\"https:\/\/www.epiqrplus.com\/#\/schema\/logo\/image\/\",\"url\":\"https:\/\/www.epiqrplus.com\/wp-content\/uploads\/2024\/03\/cropped-Logo_EPIQR-1.png\",\"contentUrl\":\"https:\/\/www.epiqrplus.com\/wp-content\/uploads\/2024\/03\/cropped-Logo_EPIQR-1.png\",\"width\":430,\"height\":185,\"caption\":\"EPIQR+\"},\"image\":{\"@id\":\"https:\/\/www.epiqrplus.com\/#\/schema\/logo\/image\/\"}}]}<\/script>\n<!-- \/ Yoast SEO plugin. -->","yoast_head_json":{"title":"Webinaires - EPIQR+","robots":{"index":"index","follow":"follow","max-snippet":"max-snippet:-1","max-image-preview":"max-image-preview:large","max-video-preview":"max-video-preview:-1"},"canonical":"https:\/\/www.epiqrplus.com\/en\/webinaires-old\/webinaires\/","og_locale":"en_GB","og_type":"article","og_title":"Webinaires - EPIQR+","og_description":"Webinaire Jeudi 05 juin 2025 de 11:30 \u00e0 12:30 R\u00e9sultats de recherche du projet OFEN CoolingVent Pr\u00e9sent\u00e9 par Dr Flourentzos [&hellip;]","og_url":"https:\/\/www.epiqrplus.com\/en\/webinaires-old\/webinaires\/","og_site_name":"EPIQR+","article_modified_time":"2025-09-17T13:48:50+00:00","og_image":[{"width":496,"height":749,"url":"https:\/\/www.epiqrplus.com\/wp-content\/uploads\/2025\/04\/Capture-decran-2025-04-16-a-10.07.06.png","type":"image\/png"}],"twitter_card":"summary_large_image","twitter_misc":{"Estimated reading time":"1 minute"},"schema":{"@context":"https:\/\/schema.org","@graph":[{"@type":"WebPage","@id":"https:\/\/www.epiqrplus.com\/webinaires-old\/webinaires\/","url":"https:\/\/www.epiqrplus.com\/webinaires-old\/webinaires\/","name":"Webinaires - EPIQR+","isPartOf":{"@id":"https:\/\/www.epiqrplus.com\/#website"},"primaryImageOfPage":{"@id":"https:\/\/www.epiqrplus.com\/webinaires-old\/webinaires\/#primaryimage"},"image":{"@id":"https:\/\/www.epiqrplus.com\/webinaires-old\/webinaires\/#primaryimage"},"thumbnailUrl":"https:\/\/www.epiqrplus.com\/wp-content\/uploads\/2025\/04\/Capture-decran-2025-04-16-a-10.07.06.png","datePublished":"2025-04-16T09:24:56+00:00","dateModified":"2025-09-17T13:48:50+00:00","breadcrumb":{"@id":"https:\/\/www.epiqrplus.com\/webinaires-old\/webinaires\/#breadcrumb"},"inLanguage":"en-GB","potentialAction":[{"@type":"ReadAction","target":["https:\/\/www.epiqrplus.com\/webinaires-old\/webinaires\/"]}]},{"@type":"ImageObject","inLanguage":"en-GB","@id":"https:\/\/www.epiqrplus.com\/webinaires-old\/webinaires\/#primaryimage","url":"https:\/\/www.epiqrplus.com\/wp-content\/uploads\/2025\/04\/Capture-decran-2025-04-16-a-10.07.06.png","contentUrl":"https:\/\/www.epiqrplus.com\/wp-content\/uploads\/2025\/04\/Capture-decran-2025-04-16-a-10.07.06.png"},{"@type":"BreadcrumbList","@id":"https:\/\/www.epiqrplus.com\/webinaires-old\/webinaires\/#breadcrumb","itemListElement":[{"@type":"ListItem","position":1,"name":"Webinaires Old","item":"https:\/\/www.epiqrplus.com\/webinaires-old\/"},{"@type":"ListItem","position":2,"name":"Webinaires"}]},{"@type":"WebSite","@id":"https:\/\/www.epiqrplus.com\/#website","url":"https:\/\/www.epiqrplus.com\/","name":"EPIQR+","description":"Application de diagnostic du b\u00e2timent","publisher":{"@id":"https:\/\/www.epiqrplus.com\/#organization"},"potentialAction":[{"@type":"SearchAction","target":{"@type":"EntryPoint","urlTemplate":"https:\/\/www.epiqrplus.com\/?s={search_term_string}"},"query-input":{"@type":"PropertyValueSpecification","valueRequired":true,"valueName":"search_term_string"}}],"inLanguage":"en-GB"},{"@type":"Organization","@id":"https:\/\/www.epiqrplus.com\/#organization","name":"EPIQR+","url":"https:\/\/www.epiqrplus.com\/","logo":{"@type":"ImageObject","inLanguage":"en-GB","@id":"https:\/\/www.epiqrplus.com\/#\/schema\/logo\/image\/","url":"https:\/\/www.epiqrplus.com\/wp-content\/uploads\/2024\/03\/cropped-Logo_EPIQR-1.png","contentUrl":"https:\/\/www.epiqrplus.com\/wp-content\/uploads\/2024\/03\/cropped-Logo_EPIQR-1.png","width":430,"height":185,"caption":"EPIQR+"},"image":{"@id":"https:\/\/www.epiqrplus.com\/#\/schema\/logo\/image\/"}}]}},"_links":{"self":[{"href":"https:\/\/www.epiqrplus.com\/en\/wp-json\/wp\/v2\/pages\/3946","targetHints":{"allow":["GET"]}}],"collection":[{"href":"https:\/\/www.epiqrplus.com\/en\/wp-json\/wp\/v2\/pages"}],"about":[{"href":"https:\/\/www.epiqrplus.com\/en\/wp-json\/wp\/v2\/types\/page"}],"author":[{"embeddable":true,"href":"https:\/\/www.epiqrplus.com\/en\/wp-json\/wp\/v2\/users\/5"}],"replies":[{"embeddable":true,"href":"https:\/\/www.epiqrplus.com\/en\/wp-json\/wp\/v2\/comments?post=3946"}],"version-history":[{"count":66,"href":"https:\/\/www.epiqrplus.com\/en\/wp-json\/wp\/v2\/pages\/3946\/revisions"}],"predecessor-version":[{"id":4357,"href":"https:\/\/www.epiqrplus.com\/en\/wp-json\/wp\/v2\/pages\/3946\/revisions\/4357"}],"up":[{"embeddable":true,"href":"https:\/\/www.epiqrplus.com\/en\/wp-json\/wp\/v2\/pages\/3227"}],"wp:attachment":[{"href":"https:\/\/www.epiqrplus.com\/en\/wp-json\/wp\/v2\/media?parent=3946"}],"curies":[{"name":"wp","href":"https:\/\/api.w.org\/{rel}","templated":true}]}}