{"id":3934,"date":"2025-04-16T08:01:42","date_gmt":"2025-04-16T08:01:42","guid":{"rendered":"https:\/\/www.epiqrplus.com\/?page_id=3934"},"modified":"2025-06-18T06:12:33","modified_gmt":"2025-06-18T06:12:33","slug":"evenements","status":"publish","type":"page","link":"https:\/\/www.epiqrplus.com\/en\/evenements\/","title":{"rendered":"Events"},"content":{"rendered":"<div data-elementor-type=\"wp-page\" data-elementor-id=\"3934\" class=\"elementor elementor-3934\">\n\t\t\t\t\t\t<section class=\"elementor-section elementor-top-section elementor-element elementor-element-6h282c1 elementor-section-boxed elementor-section-height-default elementor-section-height-default\" data-id=\"6h282c1\" data-element_type=\"section\" data-settings=\"{&quot;background_background&quot;:&quot;classic&quot;}\">\n\t\t\t\t\t\t<div class=\"elementor-container elementor-column-gap-no\">\n\t\t\t\t\t<div class=\"elementor-column elementor-col-100 elementor-top-column elementor-element elementor-element-01b78b3\" data-id=\"01b78b3\" data-element_type=\"column\">\n\t\t\t<div class=\"elementor-widget-wrap elementor-element-populated\">\n\t\t\t\t\t\t<div class=\"elementor-element elementor-element-e611aa3 elementor-widget elementor-widget-heading\" data-id=\"e611aa3\" data-element_type=\"widget\" data-widget_type=\"heading.default\">\n\t\t\t\t<div class=\"elementor-widget-container\">\n\t\t\t\t\t<h2 class=\"elementor-heading-title elementor-size-default\">Events<\/h2>\t\t\t\t<\/div>\n\t\t\t\t<\/div>\n\t\t\t\t<section class=\"elementor-section elementor-inner-section elementor-element elementor-element-a421628 elementor-section-content-middle elementor-section-boxed elementor-section-height-default elementor-section-height-default\" data-id=\"a421628\" data-element_type=\"section\">\n\t\t\t\t\t\t<div class=\"elementor-container elementor-column-gap-no\">\n\t\t\t\t\t<div class=\"elementor-column elementor-col-66 elementor-inner-column elementor-element elementor-element-8a9c345\" data-id=\"8a9c345\" data-element_type=\"column\">\n\t\t\t<div class=\"elementor-widget-wrap elementor-element-populated\">\n\t\t\t\t\t\t<div class=\"elementor-element elementor-element-21934a1 elementor-widget elementor-widget-image\" data-id=\"21934a1\" data-element_type=\"widget\" data-widget_type=\"image.default\">\n\t\t\t\t<div class=\"elementor-widget-container\">\n\t\t\t\t\t\t\t\t\t\t\t\t\t\t\t<img fetchpriority=\"high\" decoding=\"async\" width=\"1024\" height=\"683\" src=\"https:\/\/www.epiqrplus.com\/wp-content\/uploads\/2025\/04\/ChatGPT-Image-15-avr.-2025-11_30_24-copie-1024x683.png\" class=\"attachment-large size-large wp-image-3993\" alt=\"\" srcset=\"https:\/\/www.epiqrplus.com\/wp-content\/uploads\/2025\/04\/ChatGPT-Image-15-avr.-2025-11_30_24-copie-1024x683.png 1024w, https:\/\/www.epiqrplus.com\/wp-content\/uploads\/2025\/04\/ChatGPT-Image-15-avr.-2025-11_30_24-copie-300x200.png 300w, https:\/\/www.epiqrplus.com\/wp-content\/uploads\/2025\/04\/ChatGPT-Image-15-avr.-2025-11_30_24-copie-768x512.png 768w, https:\/\/www.epiqrplus.com\/wp-content\/uploads\/2025\/04\/ChatGPT-Image-15-avr.-2025-11_30_24-copie-18x12.png 18w, https:\/\/www.epiqrplus.com\/wp-content\/uploads\/2025\/04\/ChatGPT-Image-15-avr.-2025-11_30_24-copie.png 1536w\" sizes=\"(max-width: 1024px) 100vw, 1024px\" \/>\t\t\t\t\t\t\t\t\t\t\t\t\t\t\t<\/div>\n\t\t\t\t<\/div>\n\t\t\t\t\t<\/div>\n\t\t<\/div>\n\t\t\t\t<div class=\"elementor-column elementor-col-33 elementor-inner-column elementor-element elementor-element-4075b5d\" data-id=\"4075b5d\" data-element_type=\"column\" data-settings=\"{&quot;background_background&quot;:&quot;classic&quot;}\">\n\t\t\t<div class=\"elementor-widget-wrap elementor-element-populated\">\n\t\t\t\t\t\t<div class=\"elementor-element elementor-element-0681e6c elementor-widget elementor-widget-heading\" data-id=\"0681e6c\" data-element_type=\"widget\" data-widget_type=\"heading.default\">\n\t\t\t\t<div class=\"elementor-widget-container\">\n\t\t\t\t\t<h3 class=\"elementor-heading-title elementor-size-default\">Seminar<\/h3>\t\t\t\t<\/div>\n\t\t\t\t<\/div>\n\t\t\t\t<div class=\"elementor-element elementor-element-9185a3a elementor-widget-divider--view-line elementor-widget elementor-widget-divider\" data-id=\"9185a3a\" data-element_type=\"widget\" data-widget_type=\"divider.default\">\n\t\t\t\t<div class=\"elementor-widget-container\">\n\t\t\t\t\t\t\t<div class=\"elementor-divider\">\n\t\t\t<span class=\"elementor-divider-separator\">\n\t\t\t\t\t\t<\/span>\n\t\t<\/div>\n\t\t\t\t\t\t<\/div>\n\t\t\t\t<\/div>\n\t\t\t\t<div class=\"elementor-element elementor-element-139eb10 elementor-widget__width-initial elementor-widget elementor-widget-text-editor\" data-id=\"139eb10\" data-element_type=\"widget\" data-widget_type=\"text-editor.default\">\n\t\t\t\t<div class=\"elementor-widget-container\">\n\t\t\t\t\t\t\t\t\t<p><b>Thursday 12th June 2025 from 16:00 to 17:45<\/b><\/p><h4><span style=\"color: #a51945;\"><b>Resilience of buildings and public spaces to heat waves<\/b><\/span><\/h4><p><b>Limited places<\/b><\/p>\t\t\t\t\t\t\t\t<\/div>\n\t\t\t\t<\/div>\n\t\t\t\t<div class=\"elementor-element elementor-element-8a733d1 elementor-widget elementor-widget-image\" data-id=\"8a733d1\" data-element_type=\"widget\" data-widget_type=\"image.default\">\n\t\t\t\t<div class=\"elementor-widget-container\">\n\t\t\t\t\t\t\t\t\t\t\t\t\t\t\t<img decoding=\"async\" width=\"768\" height=\"89\" src=\"https:\/\/www.epiqrplus.com\/wp-content\/uploads\/2025\/04\/Logo-Inblanc-EU-768x89.png\" class=\"attachment-medium_large size-medium_large wp-image-4161\" alt=\"\" srcset=\"https:\/\/www.epiqrplus.com\/wp-content\/uploads\/2025\/04\/Logo-Inblanc-EU-768x89.png 768w, https:\/\/www.epiqrplus.com\/wp-content\/uploads\/2025\/04\/Logo-Inblanc-EU-300x35.png 300w, https:\/\/www.epiqrplus.com\/wp-content\/uploads\/2025\/04\/Logo-Inblanc-EU-1024x119.png 1024w, https:\/\/www.epiqrplus.com\/wp-content\/uploads\/2025\/04\/Logo-Inblanc-EU-18x2.png 18w, https:\/\/www.epiqrplus.com\/wp-content\/uploads\/2025\/04\/Logo-Inblanc-EU.png 1412w\" sizes=\"(max-width: 768px) 100vw, 768px\" \/>\t\t\t\t\t\t\t\t\t\t\t\t\t\t\t<\/div>\n\t\t\t\t<\/div>\n\t\t\t\t\t<\/div>\n\t\t<\/div>\n\t\t\t\t\t<\/div>\n\t\t<\/section>\n\t\t\t\t\t<\/div>\n\t\t<\/div>\n\t\t\t\t\t<\/div>\n\t\t<\/section>\n\t\t<div class=\"elementor-element elementor-element-e060622 e-flex e-con-boxed e-con e-parent\" data-id=\"e060622\" data-element_type=\"container\">\n\t\t\t\t\t<div class=\"e-con-inner\">\n\t\t<div class=\"elementor-element elementor-element-5ec69c1 e-con-full e-flex e-con e-child\" data-id=\"5ec69c1\" data-element_type=\"container\">\n\t\t\t\t<div class=\"elementor-element elementor-element-4b82511 elementor-widget elementor-widget-text-editor\" data-id=\"4b82511\" data-element_type=\"widget\" data-widget_type=\"text-editor.default\">\n\t\t\t\t<div class=\"elementor-widget-container\">\n\t\t\t\t\t\t\t\t\t<p style=\"padding-left: 40px;\"><span style=\"font-size: 8pt;\">The 4 errors are:<\/span><br \/><span style=\"font-size: 8pt;\">- The green parasol absorbs 60 % of heat when exposed to the sun.<\/span><br \/><span style=\"font-size: 8pt;\">- An elderly person is sitting in direct sunlight without any protection.<\/span><br \/><span style=\"font-size: 8pt;\">- The colour and length of clothing amplify the absorption of solar heat.<\/span><br \/><span style=\"font-size: 8pt;\">- The windows are not fitted with blinds, which increases exposure to the sun.<\/span><\/p>\t\t\t\t\t\t\t\t<\/div>\n\t\t\t\t<\/div>\n\t\t\t\t<div class=\"elementor-element elementor-element-0e5e9a0 elementor-widget-divider--view-line elementor-widget elementor-widget-divider\" data-id=\"0e5e9a0\" data-element_type=\"widget\" data-widget_type=\"divider.default\">\n\t\t\t\t<div class=\"elementor-widget-container\">\n\t\t\t\t\t\t\t<div class=\"elementor-divider\">\n\t\t\t<span class=\"elementor-divider-separator\">\n\t\t\t\t\t\t<\/span>\n\t\t<\/div>\n\t\t\t\t\t\t<\/div>\n\t\t\t\t<\/div>\n\t\t\t\t<div class=\"elementor-element elementor-element-b9dd862 elementor-widget elementor-widget-text-editor\" data-id=\"b9dd862\" data-element_type=\"widget\" data-widget_type=\"text-editor.default\">\n\t\t\t\t<div class=\"elementor-widget-container\">\n\t\t\t\t\t\t\t\t\t<p>With heat waves on the increase, how can we guarantee thermal comfort in our buildings and public spaces without systematically resorting to air conditioning? What levers are there to improve the thermal resilience of our built heritage?<br \/>We invite you to a day of reflection and discussion with experts from the building, urban planning and health sectors, to identify practical solutions that can be applied to your projects.<\/p><p>This seminar will give you a better understanding of the climate and regulatory issues, enable you to discover innovative and tried-and-tested solutions, discuss with experts in the field and witness a real-time demo of how to use the EPIQR+ tool.<\/p><p>The aim of this event is to bring together the various players involved in this issue to share their perspectives, have a round-table discussion with participants, and explore together the scale of current and future challenges, possible solutions, and ways of effectively coordinating efforts.<\/p><p>We look forward to welcoming you to the event and to continuing the discussions at the convivial aperitif that will bring the event to a close.<\/p><p><strong>Preheat: <a href=\"https:\/\/www.epiqrplus.com\/en\/webinaires\/\" target=\"_blank\" rel=\"noopener\">CoolingVent Webinar (5th June from 11:30 to 12:30) <\/a>:<\/strong> Climate context and research results of the OFEN (Swiss Federal Office of Energy) CoolingVent project - what will the summer of 2060 be like in Switzerland?<\/p><p>\u00a0<\/p>\t\t\t\t\t\t\t\t<\/div>\n\t\t\t\t<\/div>\n\t\t\t\t<\/div>\n\t\t\t\t\t<\/div>\n\t\t\t\t<\/div>\n\t\t<div class=\"elementor-element elementor-element-be65025 e-flex e-con-boxed e-con e-parent\" data-id=\"be65025\" data-element_type=\"container\">\n\t\t\t\t\t<div class=\"e-con-inner\">\n\t\t\t\t<div class=\"elementor-element elementor-element-ac315bd elementor-widget elementor-widget-text-editor\" data-id=\"ac315bd\" data-element_type=\"widget\" data-widget_type=\"text-editor.default\">\n\t\t\t\t<div class=\"elementor-widget-container\">\n\t\t\t\t\t\t\t\t\t<h3 class=\"p1\">Download the event materials:<\/h3>\t\t\t\t\t\t\t\t<\/div>\n\t\t\t\t<\/div>\n\t\t\t\t<div class=\"elementor-element elementor-element-3c610c8 elementor-widget elementor-widget-text-editor\" data-id=\"3c610c8\" data-element_type=\"widget\" data-widget_type=\"text-editor.default\">\n\t\t\t\t<div class=\"elementor-widget-container\">\n\t\t\t\t\t\t\t\t\t<p>Summer comfort: an underestimated design issue -\u00a0<em><strong>Benoit Nguyen<\/strong>Estia SA -\u00a0<a href=\"https:\/\/www.epiqrplus.com\/wp-content\/uploads\/2025\/06\/250612_Confort-estival-un-enjeu-de-conception-sous-estime_BN.pdf\"><span style=\"color: #800000;\">Download the document<\/span><\/a><\/em><\/p><p>The impact of heat waves on the health of EMS residents and staff - <em><strong>H\u00e9l\u00e8ne<\/strong> <strong>Hirzel<\/strong> - Unisant\u00e9 -\u00a0<a href=\"https:\/\/www.epiqrplus.com\/wp-content\/uploads\/2025\/06\/ESTIA_HHirzel_june25_web_version.pdf\"><span style=\"color: #800000;\">Download the document<\/span><\/a><\/em><\/p><p>Summer comfort strategies for the building stock of the Vaud cantonal administration -\u00a0<em><strong>Anne Ginsz<\/strong>State of Vaud -<a href=\"https:\/\/www.epiqrplus.com\/wp-content\/uploads\/2025\/06\/250612_Resilience_Strategies-confort-estival-ACV_vf.pdf\"><span style=\"color: #800000;\">Download the document<\/span><\/a><\/em><\/p><p><span lang=\"FR\">Solutions for transforming heat islands into cool islands: concrete examples from Nicosia, Sion, Vevey and Geneva.\u00a0<\/span><em><span lang=\"FR\"><strong>Flourentzos Flourentzou,<\/strong>\u00a0Estia SA<\/span><\/em><i><span lang=\"FR\"> &#8211;<a href=\"https:\/\/www.epiqrplus.com\/wp-content\/uploads\/2025\/06\/Flourentzou-Espace-Public.pdf\"><span style=\"color: #800000;\"><em>Download the document<\/em><\/span><\/a><\/span><\/i><\/p><p>How the renovation of the roof of the Pierrier sports hall has made it more resilient after 50 years of overheating -\u00a0<em><strong>Fabien Vuadens,<\/strong><\/em>\u00a0<em>Town of Montreux<\/em> &#8211;<a href=\"https:\/\/www.epiqrplus.com\/wp-content\/uploads\/2025\/06\/Montreux_presentation_1.pdf\"><span style=\"color: #800000;\"><i><span lang=\"FR\"><em>Download the document<\/em><\/span><\/i><\/span><\/a><\/p><p>Making an office space liveable without air conditioning: feedback -\u00a0<em><strong>Yves Loerincik,<\/strong>\u00a0Cantonal Office for Sustainability and Climate -<a href=\"https:\/\/www.epiqrplus.com\/wp-content\/uploads\/2025\/06\/presentation_plan-canicule.pdf\"><span style=\"color: #800000;\">\u00a0<i><span lang=\"FR\">Download the document<\/span><\/i><\/span><\/a><\/em><\/p><p>Demonstration of the costing of renovation measures to improve the resilience of existing buildings using EPIQR+ -.\u00a0<em><strong>Edouard Philippe<\/strong>EPIQR R\u00e9novation -\u00a0<a href=\"https:\/\/www.epiqrplus.com\/wp-content\/uploads\/2025\/06\/250612_Seminaire_resilience.pdf\"><span style=\"color: #800000;\"><i><span lang=\"FR\">Download the document<\/span><\/i><\/span><\/a><\/em><\/p>\t\t\t\t\t\t\t\t<\/div>\n\t\t\t\t<\/div>\n\t\t\t\t\t<\/div>\n\t\t\t\t<\/div>\n\t\t\t\t<\/div>","protected":false},"excerpt":{"rendered":"<p>Events Seminar Thursday 12 June 2025 from 16:00 to 17:45 Resilience of buildings and public spaces to climate change.<\/p>","protected":false},"author":5,"featured_media":0,"parent":0,"menu_order":0,"comment_status":"closed","ping_status":"closed","template":"","meta":{"site-sidebar-layout":"no-sidebar","site-content-layout":"page-builder","ast-site-content-layout":"full-width-container","site-content-style":"unboxed","site-sidebar-style":"unboxed","ast-global-header-display":"","ast-banner-title-visibility":"","ast-main-header-display":"","ast-hfb-above-header-display":"","ast-hfb-below-header-display":"","ast-hfb-mobile-header-display":"","site-post-title":"disabled","ast-breadcrumbs-content":"","ast-featured-img":"disabled","footer-sml-layout":"","theme-transparent-header-meta":"","adv-header-id-meta":"","stick-header-meta":"","header-above-stick-meta":"","header-main-stick-meta":"","header-below-stick-meta":"","astra-migrate-meta-layouts":"set","ast-page-background-enabled":"default","ast-page-background-meta":{"desktop":{"background-color":"var(--ast-global-color-4)","background-image":"","background-repeat":"repeat","background-position":"center center","background-size":"auto","background-attachment":"scroll","background-type":"","background-media":"","overlay-type":"","overlay-color":"","overlay-gradient":""},"tablet":{"background-color":"","background-image":"","background-repeat":"repeat","background-position":"center center","background-size":"auto","background-attachment":"scroll","background-type":"","background-media":"","overlay-type":"","overlay-color":"","overlay-gradient":""},"mobile":{"background-color":"","background-image":"","background-repeat":"repeat","background-position":"center center","background-size":"auto","background-attachment":"scroll","background-type":"","background-media":"","overlay-type":"","overlay-color":"","overlay-gradient":""}},"ast-content-background-meta":{"desktop":{"background-color":"var(--ast-global-color-5)","background-image":"","background-repeat":"repeat","background-position":"center center","background-size":"auto","background-attachment":"scroll","background-type":"","background-media":"","overlay-type":"","overlay-color":"","overlay-gradient":""},"tablet":{"background-color":"var(--ast-global-color-5)","background-image":"","background-repeat":"repeat","background-position":"center center","background-size":"auto","background-attachment":"scroll","background-type":"","background-media":"","overlay-type":"","overlay-color":"","overlay-gradient":""},"mobile":{"background-color":"var(--ast-global-color-5)","background-image":"","background-repeat":"repeat","background-position":"center center","background-size":"auto","background-attachment":"scroll","background-type":"","background-media":"","overlay-type":"","overlay-color":"","overlay-gradient":""}},"footnotes":""},"class_list":["post-3934","page","type-page","status-publish","hentry"],"yoast_head":"<!-- This site is optimized with the Yoast SEO plugin v24.7 - https:\/\/yoast.com\/wordpress\/plugins\/seo\/ -->\n<title>Ev\u00e8nements - EPIQR+<\/title>\n<meta name=\"robots\" content=\"index, follow, max-snippet:-1, max-image-preview:large, max-video-preview:-1\" \/>\n<link rel=\"canonical\" href=\"https:\/\/www.epiqrplus.com\/en\/evenements\/\" \/>\n<meta property=\"og:locale\" content=\"en_GB\" \/>\n<meta property=\"og:type\" content=\"article\" \/>\n<meta property=\"og:title\" content=\"Ev\u00e8nements - EPIQR+\" \/>\n<meta property=\"og:description\" content=\"\u00c9v\u00e9nements S\u00e9minaire Jeudi 12 juin 2025 de 16:00 \u00e0 17:45 R\u00e9silience des b\u00e2timents et de l&rsquo;espace public face aux vagues [&hellip;]\" \/>\n<meta property=\"og:url\" content=\"https:\/\/www.epiqrplus.com\/en\/evenements\/\" \/>\n<meta property=\"og:site_name\" content=\"EPIQR+\" \/>\n<meta property=\"article:modified_time\" content=\"2025-06-18T06:12:33+00:00\" \/>\n<meta property=\"og:image\" content=\"https:\/\/www.epiqrplus.com\/wp-content\/uploads\/2025\/04\/ChatGPT-Image-15-avr.-2025-11_30_24-copie-1024x683.png\" \/>\n\t<meta property=\"og:image:width\" content=\"1024\" \/>\n\t<meta property=\"og:image:height\" content=\"683\" \/>\n\t<meta property=\"og:image:type\" content=\"image\/png\" \/>\n<meta name=\"twitter:card\" content=\"summary_large_image\" \/>\n<meta name=\"twitter:label1\" content=\"Estimated reading time\" \/>\n\t<meta name=\"twitter:data1\" content=\"3 minutes\" \/>\n<script type=\"application\/ld+json\" class=\"yoast-schema-graph\">{\"@context\":\"https:\/\/schema.org\",\"@graph\":[{\"@type\":\"WebPage\",\"@id\":\"https:\/\/www.epiqrplus.com\/evenements\/\",\"url\":\"https:\/\/www.epiqrplus.com\/evenements\/\",\"name\":\"Ev\u00e8nements - EPIQR+\",\"isPartOf\":{\"@id\":\"https:\/\/www.epiqrplus.com\/#website\"},\"primaryImageOfPage\":{\"@id\":\"https:\/\/www.epiqrplus.com\/evenements\/#primaryimage\"},\"image\":{\"@id\":\"https:\/\/www.epiqrplus.com\/evenements\/#primaryimage\"},\"thumbnailUrl\":\"https:\/\/www.epiqrplus.com\/wp-content\/uploads\/2025\/04\/ChatGPT-Image-15-avr.-2025-11_30_24-copie-1024x683.png\",\"datePublished\":\"2025-04-16T08:01:42+00:00\",\"dateModified\":\"2025-06-18T06:12:33+00:00\",\"inLanguage\":\"en-GB\",\"potentialAction\":[{\"@type\":\"ReadAction\",\"target\":[\"https:\/\/www.epiqrplus.com\/evenements\/\"]}]},{\"@type\":\"ImageObject\",\"inLanguage\":\"en-GB\",\"@id\":\"https:\/\/www.epiqrplus.com\/evenements\/#primaryimage\",\"url\":\"https:\/\/www.epiqrplus.com\/wp-content\/uploads\/2025\/04\/ChatGPT-Image-15-avr.-2025-11_30_24-copie-1024x683.png\",\"contentUrl\":\"https:\/\/www.epiqrplus.com\/wp-content\/uploads\/2025\/04\/ChatGPT-Image-15-avr.-2025-11_30_24-copie-1024x683.png\"},{\"@type\":\"WebSite\",\"@id\":\"https:\/\/www.epiqrplus.com\/#website\",\"url\":\"https:\/\/www.epiqrplus.com\/\",\"name\":\"EPIQR+\",\"description\":\"Application de diagnostic du b\u00e2timent\",\"publisher\":{\"@id\":\"https:\/\/www.epiqrplus.com\/#organization\"},\"potentialAction\":[{\"@type\":\"SearchAction\",\"target\":{\"@type\":\"EntryPoint\",\"urlTemplate\":\"https:\/\/www.epiqrplus.com\/?s={search_term_string}\"},\"query-input\":{\"@type\":\"PropertyValueSpecification\",\"valueRequired\":true,\"valueName\":\"search_term_string\"}}],\"inLanguage\":\"en-GB\"},{\"@type\":\"Organization\",\"@id\":\"https:\/\/www.epiqrplus.com\/#organization\",\"name\":\"EPIQR+\",\"url\":\"https:\/\/www.epiqrplus.com\/\",\"logo\":{\"@type\":\"ImageObject\",\"inLanguage\":\"en-GB\",\"@id\":\"https:\/\/www.epiqrplus.com\/#\/schema\/logo\/image\/\",\"url\":\"https:\/\/www.epiqrplus.com\/wp-content\/uploads\/2024\/03\/cropped-Logo_EPIQR-1.png\",\"contentUrl\":\"https:\/\/www.epiqrplus.com\/wp-content\/uploads\/2024\/03\/cropped-Logo_EPIQR-1.png\",\"width\":430,\"height\":185,\"caption\":\"EPIQR+\"},\"image\":{\"@id\":\"https:\/\/www.epiqrplus.com\/#\/schema\/logo\/image\/\"}}]}<\/script>\n<!-- \/ Yoast SEO plugin. -->","yoast_head_json":{"title":"Ev\u00e8nements - EPIQR+","robots":{"index":"index","follow":"follow","max-snippet":"max-snippet:-1","max-image-preview":"max-image-preview:large","max-video-preview":"max-video-preview:-1"},"canonical":"https:\/\/www.epiqrplus.com\/en\/evenements\/","og_locale":"en_GB","og_type":"article","og_title":"Ev\u00e8nements - EPIQR+","og_description":"\u00c9v\u00e9nements S\u00e9minaire Jeudi 12 juin 2025 de 16:00 \u00e0 17:45 R\u00e9silience des b\u00e2timents et de l&rsquo;espace public face aux vagues [&hellip;]","og_url":"https:\/\/www.epiqrplus.com\/en\/evenements\/","og_site_name":"EPIQR+","article_modified_time":"2025-06-18T06:12:33+00:00","og_image":[{"width":1024,"height":683,"url":"https:\/\/www.epiqrplus.com\/wp-content\/uploads\/2025\/04\/ChatGPT-Image-15-avr.-2025-11_30_24-copie-1024x683.png","type":"image\/png"}],"twitter_card":"summary_large_image","twitter_misc":{"Estimated reading time":"3 minutes"},"schema":{"@context":"https:\/\/schema.org","@graph":[{"@type":"WebPage","@id":"https:\/\/www.epiqrplus.com\/evenements\/","url":"https:\/\/www.epiqrplus.com\/evenements\/","name":"Ev\u00e8nements - EPIQR+","isPartOf":{"@id":"https:\/\/www.epiqrplus.com\/#website"},"primaryImageOfPage":{"@id":"https:\/\/www.epiqrplus.com\/evenements\/#primaryimage"},"image":{"@id":"https:\/\/www.epiqrplus.com\/evenements\/#primaryimage"},"thumbnailUrl":"https:\/\/www.epiqrplus.com\/wp-content\/uploads\/2025\/04\/ChatGPT-Image-15-avr.-2025-11_30_24-copie-1024x683.png","datePublished":"2025-04-16T08:01:42+00:00","dateModified":"2025-06-18T06:12:33+00:00","inLanguage":"en-GB","potentialAction":[{"@type":"ReadAction","target":["https:\/\/www.epiqrplus.com\/evenements\/"]}]},{"@type":"ImageObject","inLanguage":"en-GB","@id":"https:\/\/www.epiqrplus.com\/evenements\/#primaryimage","url":"https:\/\/www.epiqrplus.com\/wp-content\/uploads\/2025\/04\/ChatGPT-Image-15-avr.-2025-11_30_24-copie-1024x683.png","contentUrl":"https:\/\/www.epiqrplus.com\/wp-content\/uploads\/2025\/04\/ChatGPT-Image-15-avr.-2025-11_30_24-copie-1024x683.png"},{"@type":"WebSite","@id":"https:\/\/www.epiqrplus.com\/#website","url":"https:\/\/www.epiqrplus.com\/","name":"EPIQR+","description":"Application de diagnostic du b\u00e2timent","publisher":{"@id":"https:\/\/www.epiqrplus.com\/#organization"},"potentialAction":[{"@type":"SearchAction","target":{"@type":"EntryPoint","urlTemplate":"https:\/\/www.epiqrplus.com\/?s={search_term_string}"},"query-input":{"@type":"PropertyValueSpecification","valueRequired":true,"valueName":"search_term_string"}}],"inLanguage":"en-GB"},{"@type":"Organization","@id":"https:\/\/www.epiqrplus.com\/#organization","name":"EPIQR+","url":"https:\/\/www.epiqrplus.com\/","logo":{"@type":"ImageObject","inLanguage":"en-GB","@id":"https:\/\/www.epiqrplus.com\/#\/schema\/logo\/image\/","url":"https:\/\/www.epiqrplus.com\/wp-content\/uploads\/2024\/03\/cropped-Logo_EPIQR-1.png","contentUrl":"https:\/\/www.epiqrplus.com\/wp-content\/uploads\/2024\/03\/cropped-Logo_EPIQR-1.png","width":430,"height":185,"caption":"EPIQR+"},"image":{"@id":"https:\/\/www.epiqrplus.com\/#\/schema\/logo\/image\/"}}]}},"_links":{"self":[{"href":"https:\/\/www.epiqrplus.com\/en\/wp-json\/wp\/v2\/pages\/3934","targetHints":{"allow":["GET"]}}],"collection":[{"href":"https:\/\/www.epiqrplus.com\/en\/wp-json\/wp\/v2\/pages"}],"about":[{"href":"https:\/\/www.epiqrplus.com\/en\/wp-json\/wp\/v2\/types\/page"}],"author":[{"embeddable":true,"href":"https:\/\/www.epiqrplus.com\/en\/wp-json\/wp\/v2\/users\/5"}],"replies":[{"embeddable":true,"href":"https:\/\/www.epiqrplus.com\/en\/wp-json\/wp\/v2\/comments?post=3934"}],"version-history":[{"count":138,"href":"https:\/\/www.epiqrplus.com\/en\/wp-json\/wp\/v2\/pages\/3934\/revisions"}],"predecessor-version":[{"id":4392,"href":"https:\/\/www.epiqrplus.com\/en\/wp-json\/wp\/v2\/pages\/3934\/revisions\/4392"}],"wp:attachment":[{"href":"https:\/\/www.epiqrplus.com\/en\/wp-json\/wp\/v2\/media?parent=3934"}],"curies":[{"name":"wp","href":"https:\/\/api.w.org\/{rel}","templated":true}]}}