{"id":2165,"date":"2024-03-09T22:55:23","date_gmt":"2024-03-09T22:55:23","guid":{"rendered":"https:\/\/epiqr.weplayagency.com\/?page_id=2165"},"modified":"2024-03-09T23:05:59","modified_gmt":"2024-03-09T23:05:59","slug":"cas-client-epiqr-au-service-des-experts-cecb","status":"publish","type":"page","link":"https:\/\/www.epiqrplus.com\/en\/cas-client-epiqr-au-service-des-experts-cecb\/","title":{"rendered":"Customer case study: EPIQR+ at the service of CECB experts"},"content":{"rendered":"<div data-elementor-type=\"wp-page\" data-elementor-id=\"2165\" class=\"elementor elementor-2165\">\n\t\t\t\t<div class=\"elementor-element elementor-element-c890d45 e-flex e-con-boxed e-con e-parent\" data-id=\"c890d45\" data-element_type=\"container\">\n\t\t\t\t\t<div class=\"e-con-inner\">\n\t\t\t\t<div class=\"elementor-element elementor-element-27a9d66 elementor-widget elementor-widget-heading\" data-id=\"27a9d66\" data-element_type=\"widget\" data-widget_type=\"heading.default\">\n\t\t\t\t<div class=\"elementor-widget-container\">\n\t\t\t\t\t<h1 class=\"elementor-heading-title elementor-size-default\">Customer case study: EPIQR+ at the service of CECB experts<\/h1>\t\t\t\t<\/div>\n\t\t\t\t<\/div>\n\t\t\t\t\t<\/div>\n\t\t\t\t<\/div>\n\t\t<div class=\"elementor-element elementor-element-6427d1e e-flex e-con-boxed e-con e-parent\" data-id=\"6427d1e\" data-element_type=\"container\">\n\t\t\t\t\t<div class=\"e-con-inner\">\n\t\t<div class=\"elementor-element elementor-element-9a18d57 e-con-full e-flex e-con e-child\" data-id=\"9a18d57\" data-element_type=\"container\">\n\t\t\t\t<div class=\"elementor-element elementor-element-7d46448 elementor-widget elementor-widget-text-editor\" data-id=\"7d46448\" data-element_type=\"widget\" data-widget_type=\"text-editor.default\">\n\t\t\t\t<div class=\"elementor-widget-container\">\n\t\t\t\t\t\t\t\t\t<p><img decoding=\"async\" class=\"alignleft size-medium wp-image-2050\" src=\"https:\/\/www.epiqrplus.com\/wp-content\/uploads\/2024\/03\/CECB-logo-300x148.png\" alt=\"CECB logo\" width=\"300\" height=\"148\" srcset=\"https:\/\/www.epiqrplus.com\/wp-content\/uploads\/2024\/03\/CECB-logo-300x148.png 300w, https:\/\/www.epiqrplus.com\/wp-content\/uploads\/2024\/03\/CECB-logo-1024x504.png 1024w, https:\/\/www.epiqrplus.com\/wp-content\/uploads\/2024\/03\/CECB-logo-768x378.png 768w, https:\/\/www.epiqrplus.com\/wp-content\/uploads\/2024\/03\/CECB-logo-1536x756.png 1536w, https:\/\/www.epiqrplus.com\/wp-content\/uploads\/2024\/03\/CECB-logo-2048x1008.png 2048w, https:\/\/www.epiqrplus.com\/wp-content\/uploads\/2024\/03\/CECB-logo-18x9.png 18w\" sizes=\"(max-width: 300px) 100vw, 300px\" \/><\/p><p>The Certificat \u00e9nerg\u00e9tique cantonal des b\u00e2timents (CECB), which is uniform throughout Switzerland, assesses a building's overall energy performance, including the efficiency of its envelope and its direct CO2 emissions. The CECB Plus, on the other hand, goes further by providing advice on energy renovations.<\/p><p>The CECB can be drawn up for various types of building, including residential, administrative, school, hotel, commercial and mixed-use buildings.<\/p><p><a href=\"https:\/\/www.cecb.ch\/\" target=\"_blank\" rel=\"noopener\">https:\/\/www.cecb.ch\/<\/a><\/p>\t\t\t\t\t\t\t\t<\/div>\n\t\t\t\t<\/div>\n\t\t\t\t<\/div>\n\t\t<div class=\"elementor-element elementor-element-15eaefd e-con-full e-flex e-con e-child\" data-id=\"15eaefd\" data-element_type=\"container\">\n\t\t\t\t<div class=\"elementor-element elementor-element-2db8949 elementor-widget elementor-widget-text-editor\" data-id=\"2db8949\" data-element_type=\"widget\" data-widget_type=\"text-editor.default\">\n\t\t\t\t<div class=\"elementor-widget-container\">\n\t\t\t\t\t\t\t\t\t<h4>Context<\/h4>\nAdrien Genre Architectes has been commissioned by the Swatch Group Pension Fund to carry out an energy renovation and extension study for the Charmettes tower at the beginning of Boulevard P\u00e9rolles in Fribourg.\t\t\t\t\t\t\t\t<\/div>\n\t\t\t\t<\/div>\n\t\t\t\t<div class=\"elementor-element elementor-element-a95f647 elementor-arrows-position-outside elementor-widget elementor-widget-image-carousel\" data-id=\"a95f647\" data-element_type=\"widget\" data-settings=\"{&quot;slides_to_show&quot;:&quot;2&quot;,&quot;slides_to_scroll&quot;:&quot;2&quot;,&quot;navigation&quot;:&quot;arrows&quot;,&quot;autoplay&quot;:&quot;yes&quot;,&quot;pause_on_hover&quot;:&quot;yes&quot;,&quot;pause_on_interaction&quot;:&quot;yes&quot;,&quot;autoplay_speed&quot;:5000,&quot;infinite&quot;:&quot;yes&quot;,&quot;speed&quot;:500}\" data-widget_type=\"image-carousel.default\">\n\t\t\t\t<div class=\"elementor-widget-container\">\n\t\t\t\t\t\t\t<div class=\"elementor-image-carousel-wrapper swiper\" role=\"region\" aria-roledescription=\"carousel\" aria-label=\"Image Carousel\" dir=\"ltr\">\n\t\t\t<div class=\"elementor-image-carousel swiper-wrapper\" aria-live=\"off\">\n\t\t\t\t\t\t\t\t<div class=\"swiper-slide\" role=\"group\" aria-roledescription=\"slide\" aria-label=\"1 of 4\"><figure class=\"swiper-slide-inner\"><img decoding=\"async\" class=\"swiper-slide-image\" src=\"https:\/\/www.epiqrplus.com\/wp-content\/uploads\/2024\/03\/028_photo_details-scaled.jpg\" alt=\"028_photo_details\" \/><\/figure><\/div><div class=\"swiper-slide\" role=\"group\" aria-roledescription=\"slide\" aria-label=\"2 of 4\"><figure class=\"swiper-slide-inner\"><img decoding=\"async\" class=\"swiper-slide-image\" src=\"https:\/\/www.epiqrplus.com\/wp-content\/uploads\/2024\/03\/028_photo_escaliers-scaled.jpeg\" alt=\"028_photo_escaliers\" \/><\/figure><\/div><div class=\"swiper-slide\" role=\"group\" aria-roledescription=\"slide\" aria-label=\"3 of 4\"><figure class=\"swiper-slide-inner\"><img decoding=\"async\" class=\"swiper-slide-image\" src=\"https:\/\/www.epiqrplus.com\/wp-content\/uploads\/2024\/03\/028_photo_situation-scaled.jpg\" alt=\"028_photo_situation\" \/><\/figure><\/div><div class=\"swiper-slide\" role=\"group\" aria-roledescription=\"slide\" aria-label=\"4 of 4\"><figure class=\"swiper-slide-inner\"><img decoding=\"async\" class=\"swiper-slide-image\" src=\"https:\/\/www.epiqrplus.com\/wp-content\/uploads\/2024\/03\/028_plan_ag-1.jpg\" alt=\"NOM DU PROJET\" \/><\/figure><\/div>\t\t\t<\/div>\n\t\t\t\t\t\t\t\t\t\t\t\t<div class=\"elementor-swiper-button elementor-swiper-button-prev\" role=\"button\" tabindex=\"0\">\n\t\t\t\t\t\t<svg aria-hidden=\"true\" class=\"e-font-icon-svg e-eicon-chevron-left\" viewbox=\"0 0 1000 1000\" xmlns=\"http:\/\/www.w3.org\/2000\/svg\"><path d=\"M646 125C629 125 613 133 604 142L308 442C296 454 292 471 292 487 292 504 296 521 308 533L604 854C617 867 629 875 646 875 663 875 679 871 692 858 704 846 713 829 713 812 713 796 708 779 692 767L438 487 692 225C700 217 708 204 708 187 708 171 704 154 692 142 675 129 663 125 646 125Z\"><\/path><\/svg>\t\t\t\t\t<\/div>\n\t\t\t\t\t<div class=\"elementor-swiper-button elementor-swiper-button-next\" role=\"button\" tabindex=\"0\">\n\t\t\t\t\t\t<svg aria-hidden=\"true\" class=\"e-font-icon-svg e-eicon-chevron-right\" viewbox=\"0 0 1000 1000\" xmlns=\"http:\/\/www.w3.org\/2000\/svg\"><path d=\"M696 533C708 521 713 504 713 487 713 471 708 454 696 446L400 146C388 133 375 125 354 125 338 125 325 129 313 142 300 154 292 171 292 187 292 204 296 221 308 233L563 492 304 771C292 783 288 800 288 817 288 833 296 850 308 863 321 871 338 875 354 875 371 875 388 867 400 854L696 533Z\"><\/path><\/svg>\t\t\t\t\t<\/div>\n\t\t\t\t\n\t\t\t\t\t\t\t\t\t<\/div>\n\t\t\t\t\t\t<\/div>\n\t\t\t\t<\/div>\n\t\t\t\t<div class=\"elementor-element elementor-element-4d4008e elementor-widget elementor-widget-text-editor\" data-id=\"4d4008e\" data-element_type=\"widget\" data-widget_type=\"text-editor.default\">\n\t\t\t\t<div class=\"elementor-widget-container\">\n\t\t\t\t\t\t\t\t\t<h4>Solution<\/h4><p>Based on a CECB+ and the 1961 building plans, the architect extracted the following data: Energy reference surface area (ERSA), fa\u00e7ade, window, roof and basement floor areas.<\/p><p>Using this data, in half an hour the architect was able to put a figure on the various scenarios proposed by the CEBS expert and compare their CO2 balances using the EPIQR CO2 add-on.<\/p>\t\t\t\t\t\t\t\t<\/div>\n\t\t\t\t<\/div>\n\t\t\t\t<div class=\"elementor-element elementor-element-61e7e28 elementor-widget elementor-widget-text-editor\" data-id=\"61e7e28\" data-element_type=\"widget\" data-widget_type=\"text-editor.default\">\n\t\t\t\t<div class=\"elementor-widget-container\">\n\t\t\t\t\t\t\t\t\t<h4>Results<\/h4><p>It was thus possible to quickly obtain a cost estimate for the following interventions:<\/p><ul><li>Perimeter insulation for target and limit values<\/li><li>Implementation of solar thermal production for domestic hot water<\/li><li>Installing a solar photovoltaic system<\/li><li>Bringing balconies and loggias up to standard<\/li><li>AEAI compliance in the context of the enquiry process<\/li><\/ul>\t\t\t\t\t\t\t\t<\/div>\n\t\t\t\t<\/div>\n\t\t\t\t<div class=\"elementor-element elementor-element-5d3929e elementor-tablet-align-center elementor-widget__width-initial elementor-widget elementor-widget-button\" data-id=\"5d3929e\" data-element_type=\"widget\" data-widget_type=\"button.default\">\n\t\t\t\t<div class=\"elementor-widget-container\">\n\t\t\t\t\t\t\t\t\t<div class=\"elementor-button-wrapper\">\n\t\t\t\t\t<a class=\"elementor-button elementor-button-link elementor-size-sm\" href=\"\/en\/demande-de-demo\/\">\n\t\t\t\t\t\t<span class=\"elementor-button-content-wrapper\">\n\t\t\t\t\t\t\t\t\t<span class=\"elementor-button-text\">Request a demo<\/span>\n\t\t\t\t\t<\/span>\n\t\t\t\t\t<\/a>\n\t\t\t\t<\/div>\n\t\t\t\t\t\t\t\t<\/div>\n\t\t\t\t<\/div>\n\t\t\t\t<\/div>\n\t\t\t\t\t<\/div>\n\t\t\t\t<\/div>\n\t\t\t\t<\/div>","protected":false},"excerpt":{"rendered":"<p>Customer case study: EPIQR+ at the service of CECB experts The Certificat \u00e9nerg\u00e9tique cantonal des b\u00e2timents (CECB), a uniform [...]<\/p>","protected":false},"author":2,"featured_media":0,"parent":0,"menu_order":0,"comment_status":"closed","ping_status":"closed","template":"","meta":{"site-sidebar-layout":"no-sidebar","site-content-layout":"page-builder","ast-site-content-layout":"full-width-container","site-content-style":"default","site-sidebar-style":"default","ast-global-header-display":"","ast-banner-title-visibility":"","ast-main-header-display":"","ast-hfb-above-header-display":"","ast-hfb-below-header-display":"","ast-hfb-mobile-header-display":"","site-post-title":"disabled","ast-breadcrumbs-content":"","ast-featured-img":"disabled","footer-sml-layout":"","theme-transparent-header-meta":"","adv-header-id-meta":"","stick-header-meta":"","header-above-stick-meta":"","header-main-stick-meta":"","header-below-stick-meta":"","astra-migrate-meta-layouts":"set","ast-page-background-enabled":"default","ast-page-background-meta":{"desktop":{"background-color":"var(--ast-global-color-4)","background-image":"","background-repeat":"repeat","background-position":"center center","background-size":"auto","background-attachment":"scroll","background-type":"","background-media":"","overlay-type":"","overlay-color":"","overlay-gradient":""},"tablet":{"background-color":"","background-image":"","background-repeat":"repeat","background-position":"center center","background-size":"auto","background-attachment":"scroll","background-type":"","background-media":"","overlay-type":"","overlay-color":"","overlay-gradient":""},"mobile":{"background-color":"","background-image":"","background-repeat":"repeat","background-position":"center center","background-size":"auto","background-attachment":"scroll","background-type":"","background-media":"","overlay-type":"","overlay-color":"","overlay-gradient":""}},"ast-content-background-meta":{"desktop":{"background-color":"var(--ast-global-color-5)","background-image":"","background-repeat":"repeat","background-position":"center center","background-size":"auto","background-attachment":"scroll","background-type":"","background-media":"","overlay-type":"","overlay-color":"","overlay-gradient":""},"tablet":{"background-color":"var(--ast-global-color-5)","background-image":"","background-repeat":"repeat","background-position":"center center","background-size":"auto","background-attachment":"scroll","background-type":"","background-media":"","overlay-type":"","overlay-color":"","overlay-gradient":""},"mobile":{"background-color":"var(--ast-global-color-5)","background-image":"","background-repeat":"repeat","background-position":"center center","background-size":"auto","background-attachment":"scroll","background-type":"","background-media":"","overlay-type":"","overlay-color":"","overlay-gradient":""}},"footnotes":""},"class_list":["post-2165","page","type-page","status-publish","hentry"],"yoast_head":"<!-- This site is optimized with the Yoast SEO plugin v24.7 - https:\/\/yoast.com\/wordpress\/plugins\/seo\/ -->\n<title>Cas client : EPIQR+ au service des experts CECB - EPIQR+<\/title>\n<meta name=\"robots\" content=\"index, follow, max-snippet:-1, max-image-preview:large, max-video-preview:-1\" \/>\n<link rel=\"canonical\" href=\"https:\/\/www.epiqrplus.com\/en\/cas-client-epiqr-au-service-des-experts-cecb\/\" \/>\n<meta property=\"og:locale\" content=\"en_GB\" \/>\n<meta property=\"og:type\" content=\"article\" \/>\n<meta property=\"og:title\" content=\"Cas client : EPIQR+ au service des experts CECB - EPIQR+\" \/>\n<meta property=\"og:description\" content=\"Cas client : EPIQR+ au service des experts CECB Le Certificat \u00e9nerg\u00e9tique cantonal des b\u00e2timents (CECB), uniforme dans toute la [&hellip;]\" \/>\n<meta property=\"og:url\" content=\"https:\/\/www.epiqrplus.com\/en\/cas-client-epiqr-au-service-des-experts-cecb\/\" \/>\n<meta property=\"og:site_name\" content=\"EPIQR+\" \/>\n<meta property=\"article:modified_time\" content=\"2024-03-09T23:05:59+00:00\" \/>\n<meta property=\"og:image\" content=\"https:\/\/epiqr.weplayagency.com\/wp-content\/uploads\/2024\/03\/CECB-logo-300x148.png\" \/>\n<meta name=\"twitter:card\" content=\"summary_large_image\" \/>\n<meta name=\"twitter:label1\" content=\"Estimated reading time\" \/>\n\t<meta name=\"twitter:data1\" content=\"3 minutes\" \/>\n<script type=\"application\/ld+json\" class=\"yoast-schema-graph\">{\"@context\":\"https:\/\/schema.org\",\"@graph\":[{\"@type\":\"WebPage\",\"@id\":\"https:\/\/www.epiqrplus.com\/cas-client-epiqr-au-service-des-experts-cecb\/\",\"url\":\"https:\/\/www.epiqrplus.com\/cas-client-epiqr-au-service-des-experts-cecb\/\",\"name\":\"Cas client : EPIQR+ au service des experts CECB - EPIQR+\",\"isPartOf\":{\"@id\":\"https:\/\/www.epiqrplus.com\/#website\"},\"primaryImageOfPage\":{\"@id\":\"https:\/\/www.epiqrplus.com\/cas-client-epiqr-au-service-des-experts-cecb\/#primaryimage\"},\"image\":{\"@id\":\"https:\/\/www.epiqrplus.com\/cas-client-epiqr-au-service-des-experts-cecb\/#primaryimage\"},\"thumbnailUrl\":\"https:\/\/epiqr.weplayagency.com\/wp-content\/uploads\/2024\/03\/CECB-logo-300x148.png\",\"datePublished\":\"2024-03-09T22:55:23+00:00\",\"dateModified\":\"2024-03-09T23:05:59+00:00\",\"inLanguage\":\"en-GB\",\"potentialAction\":[{\"@type\":\"ReadAction\",\"target\":[\"https:\/\/www.epiqrplus.com\/cas-client-epiqr-au-service-des-experts-cecb\/\"]}]},{\"@type\":\"ImageObject\",\"inLanguage\":\"en-GB\",\"@id\":\"https:\/\/www.epiqrplus.com\/cas-client-epiqr-au-service-des-experts-cecb\/#primaryimage\",\"url\":\"https:\/\/epiqr.weplayagency.com\/wp-content\/uploads\/2024\/03\/CECB-logo-300x148.png\",\"contentUrl\":\"https:\/\/epiqr.weplayagency.com\/wp-content\/uploads\/2024\/03\/CECB-logo-300x148.png\"},{\"@type\":\"WebSite\",\"@id\":\"https:\/\/www.epiqrplus.com\/#website\",\"url\":\"https:\/\/www.epiqrplus.com\/\",\"name\":\"EPIQR+\",\"description\":\"Application de diagnostic du b\u00e2timent\",\"publisher\":{\"@id\":\"https:\/\/www.epiqrplus.com\/#organization\"},\"potentialAction\":[{\"@type\":\"SearchAction\",\"target\":{\"@type\":\"EntryPoint\",\"urlTemplate\":\"https:\/\/www.epiqrplus.com\/?s={search_term_string}\"},\"query-input\":{\"@type\":\"PropertyValueSpecification\",\"valueRequired\":true,\"valueName\":\"search_term_string\"}}],\"inLanguage\":\"en-GB\"},{\"@type\":\"Organization\",\"@id\":\"https:\/\/www.epiqrplus.com\/#organization\",\"name\":\"EPIQR+\",\"url\":\"https:\/\/www.epiqrplus.com\/\",\"logo\":{\"@type\":\"ImageObject\",\"inLanguage\":\"en-GB\",\"@id\":\"https:\/\/www.epiqrplus.com\/#\/schema\/logo\/image\/\",\"url\":\"https:\/\/www.epiqrplus.com\/wp-content\/uploads\/2024\/03\/cropped-Logo_EPIQR-1.png\",\"contentUrl\":\"https:\/\/www.epiqrplus.com\/wp-content\/uploads\/2024\/03\/cropped-Logo_EPIQR-1.png\",\"width\":430,\"height\":185,\"caption\":\"EPIQR+\"},\"image\":{\"@id\":\"https:\/\/www.epiqrplus.com\/#\/schema\/logo\/image\/\"}}]}<\/script>\n<!-- \/ Yoast SEO plugin. -->","yoast_head_json":{"title":"Cas client : EPIQR+ au service des experts CECB - EPIQR+","robots":{"index":"index","follow":"follow","max-snippet":"max-snippet:-1","max-image-preview":"max-image-preview:large","max-video-preview":"max-video-preview:-1"},"canonical":"https:\/\/www.epiqrplus.com\/en\/cas-client-epiqr-au-service-des-experts-cecb\/","og_locale":"en_GB","og_type":"article","og_title":"Cas client : EPIQR+ au service des experts CECB - EPIQR+","og_description":"Cas client : EPIQR+ au service des experts CECB Le Certificat \u00e9nerg\u00e9tique cantonal des b\u00e2timents (CECB), uniforme dans toute la [&hellip;]","og_url":"https:\/\/www.epiqrplus.com\/en\/cas-client-epiqr-au-service-des-experts-cecb\/","og_site_name":"EPIQR+","article_modified_time":"2024-03-09T23:05:59+00:00","og_image":[{"url":"https:\/\/epiqr.weplayagency.com\/wp-content\/uploads\/2024\/03\/CECB-logo-300x148.png","type":"","width":"","height":""}],"twitter_card":"summary_large_image","twitter_misc":{"Estimated reading time":"3 minutes"},"schema":{"@context":"https:\/\/schema.org","@graph":[{"@type":"WebPage","@id":"https:\/\/www.epiqrplus.com\/cas-client-epiqr-au-service-des-experts-cecb\/","url":"https:\/\/www.epiqrplus.com\/cas-client-epiqr-au-service-des-experts-cecb\/","name":"Cas client : EPIQR+ au service des experts CECB - EPIQR+","isPartOf":{"@id":"https:\/\/www.epiqrplus.com\/#website"},"primaryImageOfPage":{"@id":"https:\/\/www.epiqrplus.com\/cas-client-epiqr-au-service-des-experts-cecb\/#primaryimage"},"image":{"@id":"https:\/\/www.epiqrplus.com\/cas-client-epiqr-au-service-des-experts-cecb\/#primaryimage"},"thumbnailUrl":"https:\/\/epiqr.weplayagency.com\/wp-content\/uploads\/2024\/03\/CECB-logo-300x148.png","datePublished":"2024-03-09T22:55:23+00:00","dateModified":"2024-03-09T23:05:59+00:00","inLanguage":"en-GB","potentialAction":[{"@type":"ReadAction","target":["https:\/\/www.epiqrplus.com\/cas-client-epiqr-au-service-des-experts-cecb\/"]}]},{"@type":"ImageObject","inLanguage":"en-GB","@id":"https:\/\/www.epiqrplus.com\/cas-client-epiqr-au-service-des-experts-cecb\/#primaryimage","url":"https:\/\/epiqr.weplayagency.com\/wp-content\/uploads\/2024\/03\/CECB-logo-300x148.png","contentUrl":"https:\/\/epiqr.weplayagency.com\/wp-content\/uploads\/2024\/03\/CECB-logo-300x148.png"},{"@type":"WebSite","@id":"https:\/\/www.epiqrplus.com\/#website","url":"https:\/\/www.epiqrplus.com\/","name":"EPIQR+","description":"Application de diagnostic du b\u00e2timent","publisher":{"@id":"https:\/\/www.epiqrplus.com\/#organization"},"potentialAction":[{"@type":"SearchAction","target":{"@type":"EntryPoint","urlTemplate":"https:\/\/www.epiqrplus.com\/?s={search_term_string}"},"query-input":{"@type":"PropertyValueSpecification","valueRequired":true,"valueName":"search_term_string"}}],"inLanguage":"en-GB"},{"@type":"Organization","@id":"https:\/\/www.epiqrplus.com\/#organization","name":"EPIQR+","url":"https:\/\/www.epiqrplus.com\/","logo":{"@type":"ImageObject","inLanguage":"en-GB","@id":"https:\/\/www.epiqrplus.com\/#\/schema\/logo\/image\/","url":"https:\/\/www.epiqrplus.com\/wp-content\/uploads\/2024\/03\/cropped-Logo_EPIQR-1.png","contentUrl":"https:\/\/www.epiqrplus.com\/wp-content\/uploads\/2024\/03\/cropped-Logo_EPIQR-1.png","width":430,"height":185,"caption":"EPIQR+"},"image":{"@id":"https:\/\/www.epiqrplus.com\/#\/schema\/logo\/image\/"}}]}},"_links":{"self":[{"href":"https:\/\/www.epiqrplus.com\/en\/wp-json\/wp\/v2\/pages\/2165","targetHints":{"allow":["GET"]}}],"collection":[{"href":"https:\/\/www.epiqrplus.com\/en\/wp-json\/wp\/v2\/pages"}],"about":[{"href":"https:\/\/www.epiqrplus.com\/en\/wp-json\/wp\/v2\/types\/page"}],"author":[{"embeddable":true,"href":"https:\/\/www.epiqrplus.com\/en\/wp-json\/wp\/v2\/users\/2"}],"replies":[{"embeddable":true,"href":"https:\/\/www.epiqrplus.com\/en\/wp-json\/wp\/v2\/comments?post=2165"}],"version-history":[{"count":13,"href":"https:\/\/www.epiqrplus.com\/en\/wp-json\/wp\/v2\/pages\/2165\/revisions"}],"predecessor-version":[{"id":2180,"href":"https:\/\/www.epiqrplus.com\/en\/wp-json\/wp\/v2\/pages\/2165\/revisions\/2180"}],"wp:attachment":[{"href":"https:\/\/www.epiqrplus.com\/en\/wp-json\/wp\/v2\/media?parent=2165"}],"curies":[{"name":"wp","href":"https:\/\/api.w.org\/{rel}","templated":true}]}}