{"id":10,"date":"2023-02-08T16:36:29","date_gmt":"2023-02-08T16:36:29","guid":{"rendered":"https:\/\/epiqr.weplayagency.com\/features\/"},"modified":"2024-03-15T07:50:25","modified_gmt":"2024-03-15T07:50:25","slug":"services","status":"publish","type":"page","link":"https:\/\/www.epiqrplus.com\/en\/services\/","title":{"rendered":"Services"},"content":{"rendered":"<div data-elementor-type=\"wp-page\" data-elementor-id=\"10\" class=\"elementor elementor-10\">\n\t\t\t\t\t\t<section class=\"elementor-section elementor-top-section elementor-element elementor-element-10b5e2c elementor-section-boxed elementor-section-height-default elementor-section-height-default\" data-id=\"10b5e2c\" data-element_type=\"section\" data-settings=\"{&quot;background_background&quot;:&quot;gradient&quot;}\">\n\t\t\t\t\t\t\t<div class=\"elementor-background-overlay\"><\/div>\n\t\t\t\t\t\t\t<div class=\"elementor-container elementor-column-gap-default\">\n\t\t\t\t\t<div class=\"elementor-column elementor-col-100 elementor-top-column elementor-element elementor-element-ed86511\" data-id=\"ed86511\" data-element_type=\"column\">\n\t\t\t<div class=\"elementor-widget-wrap elementor-element-populated\">\n\t\t\t\t\t\t<div class=\"elementor-element elementor-element-b736824 elementor-widget elementor-widget-heading\" data-id=\"b736824\" data-element_type=\"widget\" data-widget_type=\"heading.default\">\n\t\t\t\t<div class=\"elementor-widget-container\">\n\t\t\t\t\t<h1 class=\"elementor-heading-title elementor-size-default\">Carrying out a quality diagnosis<\/h1>\t\t\t\t<\/div>\n\t\t\t\t<\/div>\n\t\t\t\t\t<\/div>\n\t\t<\/div>\n\t\t\t\t\t<\/div>\n\t\t<\/section>\n\t\t<div class=\"elementor-element elementor-element-10bf727 e-flex e-con-boxed e-con e-parent\" data-id=\"10bf727\" data-element_type=\"container\">\n\t\t\t\t\t<div class=\"e-con-inner\">\n\t\t\t\t<div class=\"elementor-element elementor-element-bd0adf7 elementor-widget elementor-widget-text-editor\" data-id=\"bd0adf7\" data-element_type=\"widget\" data-widget_type=\"text-editor.default\">\n\t\t\t\t<div class=\"elementor-widget-container\">\n\t\t\t\t\t\t\t\t\t<p>A property strategy is based on a precise diagnosis and a trusted cost estimate of the work required. Nowadays, renovation has become a priority area for reducing CO2 emissions. Quantifying CO2 emissions has also evolved into an essential criteria of the property strategy.<\/p><p>Before deploying a strategy, the owner, manager or representative needs to carry out an assessment and estimate the cost and CO2 emissions of the work. With EPIQR+, they have the freedom to choose how they want to work with the software.<\/p><p><strong>For use by internal departments.<\/strong> The urban planning services of both Vevey and La Tour-de-Peilz have chosen to have their diagnostics carried out by architects and technicians from their departments. EPIQR R\u00e9novation and ESTIA trained the engineers and architects and provided quality control throughout the process.<\/p><p><strong>Appoint independent experts.<\/strong> Any independent expert with knowledge of buildings (architects, engineers, CECB experts, building authorities) can use the software, provided they have been trained. Owners are free to appoint any independent expert they wish. The canton of Neuch\u00e2tel has chosen EPIQR+ to assess  the state of all their nursing homes. EPIQR R\u00e9novation and ESTIA trained the architects chosen by the canton.<\/p><p><strong>Appoint an EPIQR+ partner.<\/strong> Appoint an EPIQR+ partner. We currently have several partners able to integrate EPIQR+ into their broader range. SIGNA-TERRE, for example, has integrated EPIQR+ and EPIQR+ CO2 into its energy monitoring platform and digitised data for its property portfolio.<\/p><p>No matter which solution is chosen, tokens can easily be bought to use the method. Prices vary according to the number of buildings and modules required.<\/p>\t\t\t\t\t\t\t\t<\/div>\n\t\t\t\t<\/div>\n\t\t\t\t\t<\/div>\n\t\t\t\t<\/div>\n\t\t\t\t<section class=\"elementor-section elementor-top-section elementor-element elementor-element-e6476fa elementor-reverse-tablet elementor-reverse-mobile elementor-section-boxed elementor-section-height-default elementor-section-height-default\" data-id=\"e6476fa\" data-element_type=\"section\">\n\t\t\t\t\t\t<div class=\"elementor-container elementor-column-gap-default\">\n\t\t\t\t\t<div class=\"elementor-column elementor-col-50 elementor-top-column elementor-element elementor-element-87f2767\" data-id=\"87f2767\" data-element_type=\"column\">\n\t\t\t<div class=\"elementor-widget-wrap elementor-element-populated\">\n\t\t\t\t\t\t<div class=\"elementor-element elementor-element-17c2d8e elementor-widget__width-initial elementor-widget elementor-widget-heading\" data-id=\"17c2d8e\" data-element_type=\"widget\" data-widget_type=\"heading.default\">\n\t\t\t\t<div class=\"elementor-widget-container\">\n\t\t\t\t\t<h3 class=\"elementor-heading-title elementor-size-default\">EPIQR+ helps property owners to implement their property strategy. <\/h3>\t\t\t\t<\/div>\n\t\t\t\t<\/div>\n\t\t\t\t<div class=\"elementor-element elementor-element-5ee2c71 elementor-widget elementor-widget-text-editor\" data-id=\"5ee2c71\" data-element_type=\"widget\" data-widget_type=\"text-editor.default\">\n\t\t\t\t<div class=\"elementor-widget-container\">\n\t\t\t\t\t\t\t\t\t<p>\u00a0<\/p><p>EPIQR+ helps you produce quality services by making it easier to diagnose a building, estimate renovation costs and assess its carbon impact.\u00a0<\/p><p>Any independent expert with knowledge of buildings (architects, engineers, CECB experts, property managers) can become an EPIQR+ partner and use the software. Owners are free to choose and commission the independent expert they wish.<\/p>\t\t\t\t\t\t\t\t<\/div>\n\t\t\t\t<\/div>\n\t\t\t\t\t<\/div>\n\t\t<\/div>\n\t\t\t\t<div class=\"elementor-column elementor-col-50 elementor-top-column elementor-element elementor-element-3ff0415\" data-id=\"3ff0415\" data-element_type=\"column\">\n\t\t\t<div class=\"elementor-widget-wrap elementor-element-populated\">\n\t\t\t\t\t\t<div class=\"elementor-element elementor-element-c5cbbde elementor-widget elementor-widget-text-editor\" data-id=\"c5cbbde\" data-element_type=\"widget\" data-widget_type=\"text-editor.default\">\n\t\t\t\t<div class=\"elementor-widget-container\">\n\t\t\t\t\t\t\t\t\t<h3><span style=\"font-size: 14pt;\">Become an EPIQR+ partner<\/span><\/h3><p>Would you like information about our partnership programme? Please fill in the form below and we will contact you as soon as possible.<\/p><p><div class=\"wpforms-container\" id=\"wpforms-2512\"><form id=\"wpforms-form-2512\" class=\"wpforms-validate wpforms-form wpforms-ajax-form\" data-formid=\"2512\" method=\"post\" enctype=\"multipart\/form-data\" action=\"\/en\/wp-json\/wp\/v2\/pages\/10\" data-token=\"9fd0efe3b7b35762bd857ea15148e448\" data-token-time=\"1777616421\" data-trp-original-action=\"\/en\/wp-json\/wp\/v2\/pages\/10\"><noscript class=\"wpforms-error-noscript\">Please enable JavaScript in your browser to complete this form.<\/noscript><div class=\"wpforms-field-container\"><div id=\"wpforms-2512-field_11-container\" class=\"wpforms-field wpforms-field-name\" data-field-id=\"11\"><label class=\"wpforms-field-label\" for=\"wpforms-2512-field_11\">First and last name <span class=\"wpforms-required-label\">*<\/span><\/label><input type=\"text\" id=\"wpforms-2512-field_11\" class=\"wpforms-field-large wpforms-field-required\" name=\"wpforms[fields][11]\" required><\/div><div id=\"wpforms-2512-field_1-container\" class=\"wpforms-field wpforms-field-email\" data-field-id=\"1\"><label class=\"wpforms-field-label\" for=\"wpforms-2512-field_1\">Email <span class=\"wpforms-required-label\">*<\/span><\/label><input type=\"email\" id=\"wpforms-2512-field_1\" class=\"wpforms-field-large wpforms-field-required\" name=\"wpforms[fields][1]\" spellcheck=\"false\" required><\/div><div id=\"wpforms-2512-field_10-container\" class=\"wpforms-field wpforms-field-text\" data-field-id=\"10\"><label class=\"wpforms-field-label\" for=\"wpforms-2512-field_10\">Company <span class=\"wpforms-required-label\">*<\/span><\/label><input type=\"text\" id=\"wpforms-2512-field_10\" class=\"wpforms-field-large wpforms-field-required\" name=\"wpforms[fields][10]\" required><\/div><div id=\"wpforms-2512-field_13-container\" class=\"wpforms-field wpforms-field-number\" data-field-id=\"13\"><label class=\"wpforms-field-label\" for=\"wpforms-2512-field_13\">Telephone <span class=\"wpforms-required-label\">*<\/span><\/label><input type=\"number\" id=\"wpforms-2512-field_13\" class=\"wpforms-field-large wpforms-field-required\" name=\"wpforms[fields][13]\" step=\"any\" required><\/div><div id=\"wpforms-2512-field_2-container\" class=\"wpforms-field wpforms-field-textarea\" data-field-id=\"2\"><label class=\"wpforms-field-label\" for=\"wpforms-2512-field_2\">Message<\/label><textarea id=\"wpforms-2512-field_2\" class=\"wpforms-field-small\" name=\"wpforms[fields][2]\" ><\/textarea><\/div><\/div><!-- .wpforms-field-container --><div class=\"wpforms-submit-container\" ><input type=\"hidden\" name=\"wpforms[id]\" value=\"2512\"><input type=\"hidden\" name=\"page_title\" value=\"\"><input type=\"hidden\" name=\"page_url\" value=\"https:\/\/www.epiqrplus.com\/en\/wp-json\/wp\/v2\/pages\/10\"><input type=\"hidden\" name=\"url_referer\" value=\"\"><button type=\"submit\" name=\"wpforms[submit]\" id=\"wpforms-submit-2512\" class=\"wpforms-submit\" data-alt-text=\"En cours d&#039;envoi\" data-submit-text=\"Devenir partenaire\" aria-live=\"assertive\" value=\"wpforms-submit\">Become a partner<\/button><img decoding=\"async\" src=\"https:\/\/www.epiqrplus.com\/wp-content\/plugins\/wpforms-lite\/assets\/images\/submit-spin.svg\" class=\"wpforms-submit-spinner\" style=\"display: none;\" width=\"26\" height=\"26\" alt=\"Loading\"><\/div><input type=\"hidden\" name=\"trp-form-language\" value=\"en\"\/><\/form><\/div>  <!-- .wpforms-container --><\/p>\t\t\t\t\t\t\t\t<\/div>\n\t\t\t\t<\/div>\n\t\t\t\t\t<\/div>\n\t\t<\/div>\n\t\t\t\t\t<\/div>\n\t\t<\/section>\n\t\t\t\t<section class=\"elementor-section elementor-top-section elementor-element elementor-element-1b3e110 elementor-section-content-middle elementor-section-boxed elementor-section-height-default elementor-section-height-default\" data-id=\"1b3e110\" data-element_type=\"section\">\n\t\t\t\t\t\t<div class=\"elementor-container elementor-column-gap-default\">\n\t\t\t\t\t<div class=\"elementor-column elementor-col-50 elementor-top-column elementor-element elementor-element-59b6788\" data-id=\"59b6788\" data-element_type=\"column\">\n\t\t\t<div class=\"elementor-widget-wrap elementor-element-populated\">\n\t\t\t\t\t\t<div class=\"elementor-element elementor-element-a03c2d3 elementor-widget elementor-widget-video\" data-id=\"a03c2d3\" data-element_type=\"widget\" data-settings=\"{&quot;youtube_url&quot;:&quot;https:\\\/\\\/youtu.be\\\/_nn3iTNVCfc&quot;,&quot;video_type&quot;:&quot;youtube&quot;,&quot;controls&quot;:&quot;yes&quot;}\" data-widget_type=\"video.default\">\n\t\t\t\t<div class=\"elementor-widget-container\">\n\t\t\t\t\t\t\t<div class=\"elementor-wrapper elementor-open-inline\">\n\t\t\t<div class=\"elementor-video\"><\/div>\t\t<\/div>\n\t\t\t\t\t\t<\/div>\n\t\t\t\t<\/div>\n\t\t\t\t\t<\/div>\n\t\t<\/div>\n\t\t\t\t<div class=\"elementor-column elementor-col-50 elementor-top-column elementor-element elementor-element-7eacb15\" data-id=\"7eacb15\" data-element_type=\"column\">\n\t\t\t<div class=\"elementor-widget-wrap elementor-element-populated\">\n\t\t\t\t\t\t<div class=\"elementor-element elementor-element-e3210b4 elementor-widget elementor-widget-heading\" data-id=\"e3210b4\" data-element_type=\"widget\" data-widget_type=\"heading.default\">\n\t\t\t\t<div class=\"elementor-widget-container\">\n\t\t\t\t\t<h2 class=\"elementor-heading-title elementor-size-default\">Discover the EPIQR+ method<\/h2>\t\t\t\t<\/div>\n\t\t\t\t<\/div>\n\t\t\t\t<div class=\"elementor-element elementor-element-927b225 elementor-widget elementor-widget-text-editor\" data-id=\"927b225\" data-element_type=\"widget\" data-widget_type=\"text-editor.default\">\n\t\t\t\t<div class=\"elementor-widget-container\">\n\t\t\t\t\t\t\t\t\t<p>Whatever the process of carrying out an assessment and estimating renovation budgets and CO2 emissions, the owner or his authorised representative can purchase tokens to use the method at a price that varies according to the number of buildings and modules required.<\/p><p>The quality of your property strategy depends on the quality of your knowledge of your portfolio and the quality of your method for gathering and analysing data to inform your decisions. To understand why EPIQR+ is the method that gives you the best knowledge base in the shortest possible time, please consult the page below<\/p>\t\t\t\t\t\t\t\t<\/div>\n\t\t\t\t<\/div>\n\t\t\t\t<div class=\"elementor-element elementor-element-c163ed5 elementor-align-left elementor-widget elementor-widget-button\" data-id=\"c163ed5\" data-element_type=\"widget\" data-widget_type=\"button.default\">\n\t\t\t\t<div class=\"elementor-widget-container\">\n\t\t\t\t\t\t\t\t\t<div class=\"elementor-button-wrapper\">\n\t\t\t\t\t<a class=\"elementor-button elementor-button-link elementor-size-sm\" href=\"\/en\/methode-epiqr\/\">\n\t\t\t\t\t\t<span class=\"elementor-button-content-wrapper\">\n\t\t\t\t\t\t\t\t\t<span class=\"elementor-button-text\">Consult the EPIQR+ method<\/span>\n\t\t\t\t\t<\/span>\n\t\t\t\t\t<\/a>\n\t\t\t\t<\/div>\n\t\t\t\t\t\t\t\t<\/div>\n\t\t\t\t<\/div>\n\t\t\t\t\t<\/div>\n\t\t<\/div>\n\t\t\t\t\t<\/div>\n\t\t<\/section>\n\t\t\t\t<\/div>","protected":false},"excerpt":{"rendered":"<p>Effectuer un diagnostic de qualit\u00e9 Une strat\u00e9gie immobili\u00e8re repose sur un diagnostic de qualit\u00e9 et un chiffrage des travaux cr\u00e9dible. [&hellip;]<\/p>","protected":false},"author":2,"featured_media":0,"parent":0,"menu_order":0,"comment_status":"closed","ping_status":"closed","template":"","meta":{"site-sidebar-layout":"no-sidebar","site-content-layout":"page-builder","ast-site-content-layout":"full-width-container","site-content-style":"unboxed","site-sidebar-style":"unboxed","ast-global-header-display":"","ast-banner-title-visibility":"","ast-main-header-display":"","ast-hfb-above-header-display":"","ast-hfb-below-header-display":"","ast-hfb-mobile-header-display":"","site-post-title":"disabled","ast-breadcrumbs-content":"","ast-featured-img":"disabled","footer-sml-layout":"","theme-transparent-header-meta":"","adv-header-id-meta":"","stick-header-meta":"","header-above-stick-meta":"","header-main-stick-meta":"","header-below-stick-meta":"","astra-migrate-meta-layouts":"set","ast-page-background-enabled":"default","ast-page-background-meta":{"desktop":{"background-color":"var(--ast-global-color-4)","background-image":"","background-repeat":"repeat","background-position":"center center","background-size":"auto","background-attachment":"scroll","background-type":"","background-media":"","overlay-type":"","overlay-color":"","overlay-gradient":""},"tablet":{"background-color":"","background-image":"","background-repeat":"repeat","background-position":"center center","background-size":"auto","background-attachment":"scroll","background-type":"","background-media":"","overlay-type":"","overlay-color":"","overlay-gradient":""},"mobile":{"background-color":"","background-image":"","background-repeat":"repeat","background-position":"center center","background-size":"auto","background-attachment":"scroll","background-type":"","background-media":"","overlay-type":"","overlay-color":"","overlay-gradient":""}},"ast-content-background-meta":{"desktop":{"background-color":"var(--ast-global-color-5)","background-image":"","background-repeat":"repeat","background-position":"center center","background-size":"auto","background-attachment":"scroll","background-type":"","background-media":"","overlay-type":"","overlay-color":"","overlay-gradient":""},"tablet":{"background-color":"var(--ast-global-color-5)","background-image":"","background-repeat":"repeat","background-position":"center center","background-size":"auto","background-attachment":"scroll","background-type":"","background-media":"","overlay-type":"","overlay-color":"","overlay-gradient":""},"mobile":{"background-color":"var(--ast-global-color-5)","background-image":"","background-repeat":"repeat","background-position":"center center","background-size":"auto","background-attachment":"scroll","background-type":"","background-media":"","overlay-type":"","overlay-color":"","overlay-gradient":""}},"footnotes":""},"class_list":["post-10","page","type-page","status-publish","hentry"],"yoast_head":"<!-- This site is optimized with the Yoast SEO plugin v24.7 - https:\/\/yoast.com\/wordpress\/plugins\/seo\/ -->\n<title>Services - EPIQR+<\/title>\n<meta name=\"robots\" content=\"index, follow, max-snippet:-1, max-image-preview:large, max-video-preview:-1\" \/>\n<link rel=\"canonical\" href=\"https:\/\/www.epiqrplus.com\/en\/services\/\" \/>\n<meta property=\"og:locale\" content=\"en_GB\" \/>\n<meta property=\"og:type\" content=\"article\" \/>\n<meta property=\"og:title\" content=\"Services - EPIQR+\" \/>\n<meta property=\"og:description\" content=\"Effectuer un diagnostic de qualit\u00e9 Une strat\u00e9gie immobili\u00e8re repose sur un diagnostic de qualit\u00e9 et un chiffrage des travaux cr\u00e9dible. [&hellip;]\" \/>\n<meta property=\"og:url\" content=\"https:\/\/www.epiqrplus.com\/en\/services\/\" \/>\n<meta property=\"og:site_name\" content=\"EPIQR+\" \/>\n<meta property=\"article:modified_time\" content=\"2024-03-15T07:50:25+00:00\" \/>\n<meta name=\"twitter:card\" content=\"summary_large_image\" \/>\n<meta name=\"twitter:label1\" content=\"Estimated reading time\" \/>\n\t<meta name=\"twitter:data1\" content=\"3 minutes\" \/>\n<script type=\"application\/ld+json\" class=\"yoast-schema-graph\">{\"@context\":\"https:\/\/schema.org\",\"@graph\":[{\"@type\":\"WebPage\",\"@id\":\"https:\/\/www.epiqrplus.com\/services\/\",\"url\":\"https:\/\/www.epiqrplus.com\/services\/\",\"name\":\"Services - EPIQR+\",\"isPartOf\":{\"@id\":\"https:\/\/www.epiqrplus.com\/#website\"},\"datePublished\":\"2023-02-08T16:36:29+00:00\",\"dateModified\":\"2024-03-15T07:50:25+00:00\",\"inLanguage\":\"en-GB\",\"potentialAction\":[{\"@type\":\"ReadAction\",\"target\":[\"https:\/\/www.epiqrplus.com\/services\/\"]}]},{\"@type\":\"WebSite\",\"@id\":\"https:\/\/www.epiqrplus.com\/#website\",\"url\":\"https:\/\/www.epiqrplus.com\/\",\"name\":\"EPIQR+\",\"description\":\"Application de diagnostic du b\u00e2timent\",\"publisher\":{\"@id\":\"https:\/\/www.epiqrplus.com\/#organization\"},\"potentialAction\":[{\"@type\":\"SearchAction\",\"target\":{\"@type\":\"EntryPoint\",\"urlTemplate\":\"https:\/\/www.epiqrplus.com\/?s={search_term_string}\"},\"query-input\":{\"@type\":\"PropertyValueSpecification\",\"valueRequired\":true,\"valueName\":\"search_term_string\"}}],\"inLanguage\":\"en-GB\"},{\"@type\":\"Organization\",\"@id\":\"https:\/\/www.epiqrplus.com\/#organization\",\"name\":\"EPIQR+\",\"url\":\"https:\/\/www.epiqrplus.com\/\",\"logo\":{\"@type\":\"ImageObject\",\"inLanguage\":\"en-GB\",\"@id\":\"https:\/\/www.epiqrplus.com\/#\/schema\/logo\/image\/\",\"url\":\"https:\/\/www.epiqrplus.com\/wp-content\/uploads\/2024\/03\/cropped-Logo_EPIQR-1.png\",\"contentUrl\":\"https:\/\/www.epiqrplus.com\/wp-content\/uploads\/2024\/03\/cropped-Logo_EPIQR-1.png\",\"width\":430,\"height\":185,\"caption\":\"EPIQR+\"},\"image\":{\"@id\":\"https:\/\/www.epiqrplus.com\/#\/schema\/logo\/image\/\"}}]}<\/script>\n<!-- \/ Yoast SEO plugin. -->","yoast_head_json":{"title":"Services - EPIQR+","robots":{"index":"index","follow":"follow","max-snippet":"max-snippet:-1","max-image-preview":"max-image-preview:large","max-video-preview":"max-video-preview:-1"},"canonical":"https:\/\/www.epiqrplus.com\/en\/services\/","og_locale":"en_GB","og_type":"article","og_title":"Services - EPIQR+","og_description":"Effectuer un diagnostic de qualit\u00e9 Une strat\u00e9gie immobili\u00e8re repose sur un diagnostic de qualit\u00e9 et un chiffrage des travaux cr\u00e9dible. [&hellip;]","og_url":"https:\/\/www.epiqrplus.com\/en\/services\/","og_site_name":"EPIQR+","article_modified_time":"2024-03-15T07:50:25+00:00","twitter_card":"summary_large_image","twitter_misc":{"Estimated reading time":"3 minutes"},"schema":{"@context":"https:\/\/schema.org","@graph":[{"@type":"WebPage","@id":"https:\/\/www.epiqrplus.com\/services\/","url":"https:\/\/www.epiqrplus.com\/services\/","name":"Services - EPIQR+","isPartOf":{"@id":"https:\/\/www.epiqrplus.com\/#website"},"datePublished":"2023-02-08T16:36:29+00:00","dateModified":"2024-03-15T07:50:25+00:00","inLanguage":"en-GB","potentialAction":[{"@type":"ReadAction","target":["https:\/\/www.epiqrplus.com\/services\/"]}]},{"@type":"WebSite","@id":"https:\/\/www.epiqrplus.com\/#website","url":"https:\/\/www.epiqrplus.com\/","name":"EPIQR+","description":"Application de diagnostic du b\u00e2timent","publisher":{"@id":"https:\/\/www.epiqrplus.com\/#organization"},"potentialAction":[{"@type":"SearchAction","target":{"@type":"EntryPoint","urlTemplate":"https:\/\/www.epiqrplus.com\/?s={search_term_string}"},"query-input":{"@type":"PropertyValueSpecification","valueRequired":true,"valueName":"search_term_string"}}],"inLanguage":"en-GB"},{"@type":"Organization","@id":"https:\/\/www.epiqrplus.com\/#organization","name":"EPIQR+","url":"https:\/\/www.epiqrplus.com\/","logo":{"@type":"ImageObject","inLanguage":"en-GB","@id":"https:\/\/www.epiqrplus.com\/#\/schema\/logo\/image\/","url":"https:\/\/www.epiqrplus.com\/wp-content\/uploads\/2024\/03\/cropped-Logo_EPIQR-1.png","contentUrl":"https:\/\/www.epiqrplus.com\/wp-content\/uploads\/2024\/03\/cropped-Logo_EPIQR-1.png","width":430,"height":185,"caption":"EPIQR+"},"image":{"@id":"https:\/\/www.epiqrplus.com\/#\/schema\/logo\/image\/"}}]}},"_links":{"self":[{"href":"https:\/\/www.epiqrplus.com\/en\/wp-json\/wp\/v2\/pages\/10","targetHints":{"allow":["GET"]}}],"collection":[{"href":"https:\/\/www.epiqrplus.com\/en\/wp-json\/wp\/v2\/pages"}],"about":[{"href":"https:\/\/www.epiqrplus.com\/en\/wp-json\/wp\/v2\/types\/page"}],"author":[{"embeddable":true,"href":"https:\/\/www.epiqrplus.com\/en\/wp-json\/wp\/v2\/users\/2"}],"replies":[{"embeddable":true,"href":"https:\/\/www.epiqrplus.com\/en\/wp-json\/wp\/v2\/comments?post=10"}],"version-history":[{"count":89,"href":"https:\/\/www.epiqrplus.com\/en\/wp-json\/wp\/v2\/pages\/10\/revisions"}],"predecessor-version":[{"id":3153,"href":"https:\/\/www.epiqrplus.com\/en\/wp-json\/wp\/v2\/pages\/10\/revisions\/3153"}],"wp:attachment":[{"href":"https:\/\/www.epiqrplus.com\/en\/wp-json\/wp\/v2\/media?parent=10"}],"curies":[{"name":"wp","href":"https:\/\/api.w.org\/{rel}","templated":true}]}}